{"id":921,"date":"2021-10-14T15:20:15","date_gmt":"2021-10-14T15:20:15","guid":{"rendered":"https:\/\/bwre.es\/?page_id=921"},"modified":"2023-07-21T17:02:39","modified_gmt":"2023-07-21T17:02:39","slug":"ancora-40","status":"publish","type":"page","link":"https:\/\/bwre.es\/projects\/ancora-40\/","title":{"rendered":"Ancora 40"},"content":{"rendered":"<p>[et_pb_section fb_built=\u00bb1&#8243; module_id=\u00bbsection1&#8243; module_class=\u00bbsection header-pro content-pro\u00bb _builder_version=\u00bb4.10.8&#8243; _module_preset=\u00bbdefault\u00bb background_enable_color=\u00bboff\u00bb custom_margin=\u00bb||||false|false\u00bb global_colors_info=\u00bb{}\u00bb][et_pb_row column_structure=\u00bb1_3,1_3,1_3&#8243; module_class=\u00bbheader-pro-content\u00bb _builder_version=\u00bb4.10.8&#8243; _module_preset=\u00bbdefault\u00bb background_color=\u00bb#147bd1&#8243; custom_padding=\u00bb100px||||false|false\u00bb global_colors_info=\u00bb{}\u00bb][et_pb_column type=\u00bb1_3&#8243; _builder_version=\u00bb4.10.8&#8243; _module_preset=\u00bbdefault\u00bb global_colors_info=\u00bb{}\u00bb][et_pb_text _builder_version=\u00bb4.10.8&#8243; _module_preset=\u00bbdefault\u00bb global_colors_info=\u00bb{}\u00bb]<\/p>\n<p><a href=\"https:\/\/bwre.es\/es\/proyectos\/\">Todos los proyectos<\/a><\/p>\n<p>[\/et_pb_text][\/et_pb_column][et_pb_column type=\u00bb1_3&#8243; _builder_version=\u00bb4.10.8&#8243; _module_preset=\u00bbdefault\u00bb global_colors_info=\u00bb{}\u00bb][et_pb_text _builder_version=\u00bb4.10.8&#8243; _module_preset=\u00bbdefault\u00bb global_colors_info=\u00bb{}\u00bb]<\/p>\n<h3 style=\"text-align: center;\">Ancora 40<\/h3>\n<p>[\/et_pb_text][\/et_pb_column][et_pb_column type=\u00bb1_3&#8243; _builder_version=\u00bb4.10.8&#8243; _module_preset=\u00bbdefault\u00bb global_colors_info=\u00bb{}\u00bb][et_pb_text _builder_version=\u00bb4.10.8&#8243; _module_preset=\u00bbdefault\u00bb global_colors_info=\u00bb{}\u00bb]<\/p>\n<p style=\"text-align: right;\"><a href=\"https:\/\/bwre.es\/es\/proyectos\/inmadrid\/\">Siguiente proyecto<\/a><\/p>\n<p>[\/et_pb_text][\/et_pb_column][\/et_pb_row][et_pb_row column_structure=\u00bb1_2,1_2&#8243; _builder_version=\u00bb4.10.8&#8243; _module_preset=\u00bbdefault\u00bb parallax=\u00bbon\u00bb parallax_method=\u00bboff\u00bb custom_padding=\u00bb||||false|false\u00bb scroll_vertical_motion=\u00bb0|50|50|100|0|0|-4&#8243; global_colors_info=\u00bb{}\u00bb][et_pb_column type=\u00bb1_2&#8243; _builder_version=\u00bb4.10.8&#8243; _module_preset=\u00bbdefault\u00bb global_colors_info=\u00bb{}\u00bb][et_pb_text module_class=\u00bbcont\u00bb _builder_version=\u00bb4.10.8&#8243; _module_preset=\u00bbdefault\u00bb custom_padding=\u00bb||||false|false\u00bb global_colors_info=\u00bb{}\u00bb]<\/p>\n<p><span lang=\"en-US\">7.200 m<sup>2<\/sup> de oficinas Clase A desarrolladas por BWRE entre 2019 y 2020. Actualmente alquilado en su totalidad a una empresa online l\u00edder en el reparto de comida. Dise\u00f1ado para tener uno de los ratios de ocupaci\u00f3n m\u00e1s altos de la ciudad, 1:5, y certificaci\u00f3n LEED Gold. Est\u00e1 ubicado al lado de la nueva entrada de la l\u00ednea del AVE, en el distrito empresarial de moda: M\u00e9ndez \u00c1lvaro. <\/span><\/p>\n<p><span lang=\"en-US\">M\u00e1s informaci\u00f3n en <a href=\"https:\/\/ancora40.com\/\">www.ancora40.com<\/a><\/span><\/p>\n<p>[\/et_pb_text][\/et_pb_column][et_pb_column type=\u00bb1_2&#8243; _builder_version=\u00bb4.10.8&#8243; _module_preset=\u00bbdefault\u00bb global_colors_info=\u00bb{}\u00bb][et_pb_image src=\u00bbhttps:\/\/bwre.es\/wp-content\/uploads\/Ancora40-1.jpg\u00bb alt=\u00bbSkylight\u00bb title_text=\u00bbAncora40&#8243; _builder_version=\u00bb4.10.8&#8243; _module_preset=\u00bbdefault\u00bb global_colors_info=\u00bb{}\u00bb][\/et_pb_image][\/et_pb_column][\/et_pb_row][\/et_pb_section][et_pb_section fb_built=\u00bb1&#8243; module_id=\u00bbsection2&#8243; module_class=\u00bbsection\u00bb _builder_version=\u00bb4.10.8&#8243; _module_preset=\u00bbdefault\u00bb background_color=\u00bb#FFFFFF\u00bb global_colors_info=\u00bb{}\u00bb][et_pb_row _builder_version=\u00bb4.10.8&#8243; _module_preset=\u00bbdefault\u00bb background_image=\u00bbhttps:\/\/bwre.es\/wp-content\/uploads\/2-DSC00317-scaled.jpg\u00bb parallax=\u00bbon\u00bb parallax_method=\u00bboff\u00bb max_width=\u00bb100%\u00bb custom_padding=\u00bb100vh||||false|false\u00bb scroll_vertical_motion=\u00bb0|50|50|100|0|0|-4&#8243; global_colors_info=\u00bb{}\u00bb][et_pb_column type=\u00bb4_4&#8243; _builder_version=\u00bb4.10.8&#8243; _module_preset=\u00bbdefault\u00bb global_colors_info=\u00bb{}\u00bb][\/et_pb_column][\/et_pb_row][\/et_pb_section][et_pb_section fb_built=\u00bb1&#8243; module_id=\u00bbsection3&#8243; module_class=\u00bbsection\u00bb _builder_version=\u00bb4.10.8&#8243; _module_preset=\u00bbdefault\u00bb background_color=\u00bb#FFFFFF\u00bb global_colors_info=\u00bb{}\u00bb][et_pb_row _builder_version=\u00bb4.10.8&#8243; _module_preset=\u00bbdefault\u00bb background_image=\u00bbhttps:\/\/bwre.es\/wp-content\/uploads\/DSC00829-scaled.jpg\u00bb parallax=\u00bbon\u00bb parallax_method=\u00bboff\u00bb max_width=\u00bb100%\u00bb custom_padding=\u00bb100vh||||false|false\u00bb scroll_vertical_motion=\u00bb0|50|50|100|0|0|-4&#8243; global_colors_info=\u00bb{}\u00bb][et_pb_column type=\u00bb4_4&#8243; _builder_version=\u00bb4.10.8&#8243; _module_preset=\u00bbdefault\u00bb global_colors_info=\u00bb{}\u00bb][\/et_pb_column][\/et_pb_row][\/et_pb_section][et_pb_section fb_built=\u00bb1&#8243; module_id=\u00bbsection4&#8243; module_class=\u00bbsection section-end\u00bb _builder_version=\u00bb4.10.8&#8243; _module_preset=\u00bbdefault\u00bb background_color=\u00bb#FFFFFF\u00bb hover_enabled=\u00bb0&#8243; global_colors_info=\u00bb{}\u00bb sticky_enabled=\u00bb0&#8243;][et_pb_row _builder_version=\u00bb4.10.8&#8243; _module_preset=\u00bbdefault\u00bb background_image=\u00bbhttps:\/\/bwre.es\/wp-content\/uploads\/DSC00866-scaled.jpg\u00bb parallax=\u00bbon\u00bb parallax_method=\u00bboff\u00bb max_width=\u00bb100%\u00bb custom_padding=\u00bb100vh||||false|false\u00bb scroll_vertical_motion=\u00bb0|50|50|100|0|0|-4&#8243; global_colors_info=\u00bb{}\u00bb][et_pb_column type=\u00bb4_4&#8243; _builder_version=\u00bb4.10.8&#8243; _module_preset=\u00bbdefault\u00bb global_colors_info=\u00bb{}\u00bb][\/et_pb_column][\/et_pb_row][\/et_pb_section]<\/p>\n","protected":false},"excerpt":{"rendered":"<p>7,200 sqm of Grade A office developed by BWRE from 2019-2020. Currently fully let to a leading online food delivery company. Designed to 1:5 occupancy \u2013 one of the highest ratios in the city. LEED Gold. At the door of the new entrance to the AVE high speed train line in the trendy Mendez Alvaro business district.<\/p>\n","protected":false},"author":6,"featured_media":0,"parent":645,"menu_order":0,"comment_status":"closed","ping_status":"closed","template":"","meta":{"_et_pb_use_builder":"on","_et_pb_old_content":"","_et_gb_content_width":""},"acf":[],"aioseo_notices":[],"_links":{"self":[{"href":"https:\/\/bwre.es\/wp-json\/wp\/v2\/pages\/921"}],"collection":[{"href":"https:\/\/bwre.es\/wp-json\/wp\/v2\/pages"}],"about":[{"href":"https:\/\/bwre.es\/wp-json\/wp\/v2\/types\/page"}],"author":[{"embeddable":true,"href":"https:\/\/bwre.es\/wp-json\/wp\/v2\/users\/6"}],"replies":[{"embeddable":true,"href":"https:\/\/bwre.es\/wp-json\/wp\/v2\/comments?post=921"}],"version-history":[{"count":23,"href":"https:\/\/bwre.es\/wp-json\/wp\/v2\/pages\/921\/revisions"}],"predecessor-version":[{"id":4468,"href":"https:\/\/bwre.es\/wp-json\/wp\/v2\/pages\/921\/revisions\/4468"}],"up":[{"embeddable":true,"href":"https:\/\/bwre.es\/wp-json\/wp\/v2\/pages\/645"}],"wp:attachment":[{"href":"https:\/\/bwre.es\/wp-json\/wp\/v2\/media?parent=921"}],"curies":[{"name":"wp","href":"https:\/\/api.w.org\/{rel}","templated":true}]}}