{"id":753,"date":"2021-10-12T15:19:34","date_gmt":"2021-10-12T15:19:34","guid":{"rendered":"https:\/\/bwre.es\/?page_id=753"},"modified":"2022-11-14T16:45:59","modified_gmt":"2022-11-14T16:45:59","slug":"skylight","status":"publish","type":"page","link":"https:\/\/bwre.es\/projects\/skylight\/","title":{"rendered":"Skylight"},"content":{"rendered":"<p>[et_pb_section fb_built=\u00bb1&#8243; module_id=\u00bbsection1&#8243; module_class=\u00bbsection header-pro content-pro\u00bb _builder_version=\u00bb4.10.8&#8243; _module_preset=\u00bbdefault\u00bb background_enable_color=\u00bboff\u00bb custom_margin=\u00bb||||false|false\u00bb global_colors_info=\u00bb{}\u00bb][et_pb_row column_structure=\u00bb1_3,1_3,1_3&#8243; module_class=\u00bbheader-pro-content\u00bb _builder_version=\u00bb4.10.8&#8243; _module_preset=\u00bbdefault\u00bb background_color=\u00bb#147bd1&#8243; custom_padding=\u00bb100px||||false|false\u00bb global_colors_info=\u00bb{}\u00bb][et_pb_column type=\u00bb1_3&#8243; _builder_version=\u00bb4.10.8&#8243; _module_preset=\u00bbdefault\u00bb global_colors_info=\u00bb{}\u00bb][et_pb_text admin_label=\u00bbTexto\u00bb _builder_version=\u00bb4.10.8&#8243; _module_preset=\u00bbdefault\u00bb global_colors_info=\u00bb{}\u00bb]<\/p>\n<p><a href=\"https:\/\/bwre.es\/es\/proyectos\/\">Todos los proyectos<\/a><\/p>\n<p>[\/et_pb_text][\/et_pb_column][et_pb_column type=\u00bb1_3&#8243; _builder_version=\u00bb4.10.8&#8243; _module_preset=\u00bbdefault\u00bb global_colors_info=\u00bb{}\u00bb][et_pb_text _builder_version=\u00bb4.10.8&#8243; _module_preset=\u00bbdefault\u00bb global_colors_info=\u00bb{}\u00bb]<\/p>\n<h3 style=\"text-align: center;\">Skylight<\/h3>\n<p>[\/et_pb_text][\/et_pb_column][et_pb_column type=\u00bb1_3&#8243; _builder_version=\u00bb4.10.8&#8243; _module_preset=\u00bbdefault\u00bb global_colors_info=\u00bb{}\u00bb][et_pb_text _builder_version=\u00bb4.10.8&#8243; _module_preset=\u00bbdefault\u00bb global_colors_info=\u00bb{}\u00bb]<\/p>\n<p style=\"text-align: right;\"><a href=\"https:\/\/bwre.es\/es\/proyectos\/ancora-40\/\">Siguiente proyecto<\/a><\/p>\n<p>[\/et_pb_text][\/et_pb_column][\/et_pb_row][et_pb_row column_structure=\u00bb1_2,1_2&#8243; _builder_version=\u00bb4.10.8&#8243; _module_preset=\u00bbdefault\u00bb parallax=\u00bbon\u00bb parallax_method=\u00bboff\u00bb scroll_vertical_motion=\u00bb0|50|50|100|0|0|-4&#8243; global_colors_info=\u00bb{}\u00bb][et_pb_column type=\u00bb1_2&#8243; _builder_version=\u00bb4.10.8&#8243; _module_preset=\u00bbdefault\u00bb global_colors_info=\u00bb{}\u00bb][et_pb_text module_class=\u00bbcont\u00bb _builder_version=\u00bb4.10.8&#8243; _module_preset=\u00bbdefault\u00bb custom_padding=\u00bb||||false|false\u00bb global_colors_info=\u00bb{}\u00bb]<\/p>\n<p><span lang=\"en-GB\">Disponible en primavera de 2023. Entra en una nueva era de oficinas. M\u00e1s de 27.000 m<sup>2<\/sup> de un nuevo concepto de oficinas Clase A. M\u00e1s de 10.000 m<sup>2<\/sup> de jardines, cubierta, terrazas privadas, espacios exteriores para eventos y zonas ajardinadas. Dise\u00f1ado para obtener las certificaciones LEED platinum, WELL platinum y WIRED platinum.<\/span><\/p>\n<p><span lang=\"en-GB\">Skylight incorpora un innovador sistema inteligente capaz de controlar el acceso y la gesti\u00f3n de todos los espacios del edificio, mientras se monitorea la salud y la seguridad. Plantas flexibles de m\u00e1s de 4.000 m<sup>2<\/sup> divisibles en cuatro m\u00f3dulos para adaptarse a la demanda. F\u00e1cil acceso a la estaci\u00f3n de metro y Cercan\u00edas Fuente de la Mora, ofreciendo una r\u00e1pida conexi\u00f3n con el aeropuerto y a la red ferroviaria nacional. Ubicado cerca de las sedes de BBVA y Telef\u00f3nica. <\/span><\/p>\n<p><span lang=\"en-GB\">M\u00e1s informaci\u00f3n en  <\/span><span style=\"color: #0563c1;\"><u><a href=\"http:\/\/www.skylightmadrid.com\/\"><span lang=\"en-GB\">www.skylightmadrid.com<\/span><\/a><\/u><\/span><\/p>\n<p>[\/et_pb_text][\/et_pb_column][et_pb_column type=\u00bb1_2&#8243; _builder_version=\u00bb4.10.8&#8243; _module_preset=\u00bbdefault\u00bb global_colors_info=\u00bb{}\u00bb][et_pb_image src=\u00bbhttps:\/\/bwre.es\/wp-content\/uploads\/Skylight.jpg\u00bb alt=\u00bbSkylight\u00bb title_text=\u00bbSkylight\u00bb _builder_version=\u00bb4.10.8&#8243; _module_preset=\u00bbdefault\u00bb global_colors_info=\u00bb{}\u00bb][\/et_pb_image][\/et_pb_column][\/et_pb_row][\/et_pb_section][et_pb_section fb_built=\u00bb1&#8243; module_id=\u00bbsection2&#8243; module_class=\u00bbsection\u00bb _builder_version=\u00bb4.10.8&#8243; _module_preset=\u00bbdefault\u00bb background_color=\u00bb#FFFFFF\u00bb background_enable_image=\u00bboff\u00bb hover_enabled=\u00bb0&#8243; global_colors_info=\u00bb{}\u00bb sticky_enabled=\u00bb0&#8243;][et_pb_row _builder_version=\u00bb4.10.8&#8243; _module_preset=\u00bbdefault\u00bb background_image=\u00bbhttps:\/\/bwre.es\/wp-content\/uploads\/Skylight1.jpg\u00bb parallax=\u00bbon\u00bb parallax_method=\u00bboff\u00bb hover_enabled=\u00bb0&#8243; global_colors_info=\u00bb{}\u00bb sticky_enabled=\u00bb0&#8243; custom_padding=\u00bb100vh||||false|false\u00bb][et_pb_column type=\u00bb4_4&#8243; _builder_version=\u00bb4.10.8&#8243; _module_preset=\u00bbdefault\u00bb global_colors_info=\u00bb{}\u00bb][\/et_pb_column][\/et_pb_row][\/et_pb_section][et_pb_section fb_built=\u00bb1&#8243; module_id=\u00bbsection3&#8243; module_class=\u00bbsection\u00bb _builder_version=\u00bb4.10.8&#8243; _module_preset=\u00bbdefault\u00bb background_color=\u00bb#FFFFFF\u00bb hover_enabled=\u00bb0&#8243; global_colors_info=\u00bb{}\u00bb background_enable_image=\u00bboff\u00bb sticky_enabled=\u00bb0&#8243;][et_pb_row _builder_version=\u00bb4.10.8&#8243; _module_preset=\u00bbdefault\u00bb background_image=\u00bbhttps:\/\/bwre.es\/wp-content\/uploads\/Skylight2.jpg\u00bb parallax=\u00bbon\u00bb parallax_method=\u00bboff\u00bb hover_enabled=\u00bb0&#8243; global_colors_info=\u00bb{}\u00bb sticky_enabled=\u00bb0&#8243; custom_padding=\u00bb100vh||||false|false\u00bb title_text=\u00bbSkylight2&#8243;][et_pb_column type=\u00bb4_4&#8243; _builder_version=\u00bb4.10.8&#8243; _module_preset=\u00bbdefault\u00bb global_colors_info=\u00bb{}\u00bb][\/et_pb_column][\/et_pb_row][\/et_pb_section][et_pb_section fb_built=\u00bb1&#8243; module_id=\u00bbsection4&#8243; module_class=\u00bbsection section-end\u00bb _builder_version=\u00bb4.10.8&#8243; _module_preset=\u00bbdefault\u00bb background_color=\u00bb#FFFFFF\u00bb hover_enabled=\u00bb0&#8243; global_colors_info=\u00bb{}\u00bb sticky_enabled=\u00bb0&#8243; background_enable_image=\u00bboff\u00bb][et_pb_row _builder_version=\u00bb4.10.8&#8243; _module_preset=\u00bbdefault\u00bb background_image=\u00bbhttps:\/\/bwre.es\/wp-content\/uploads\/Skylight3.jpg\u00bb parallax=\u00bbon\u00bb parallax_method=\u00bboff\u00bb hover_enabled=\u00bb0&#8243; global_colors_info=\u00bb{}\u00bb sticky_enabled=\u00bb0&#8243; custom_padding=\u00bb100vh||||false|false\u00bb title_text=\u00bbSkylight3&#8243;][et_pb_column type=\u00bb4_4&#8243; _builder_version=\u00bb4.10.8&#8243; _module_preset=\u00bbdefault\u00bb global_colors_info=\u00bb{}\u00bb][\/et_pb_column][\/et_pb_row][\/et_pb_section]<\/p>\n","protected":false},"excerpt":{"rendered":"<p>Available Spring 2023. Walk into a new era of offices. Over 27,000 sqm of new Grade A office development. Over 10,000 sqm of roof top gardens, private terraces, exterior event spaces and garden areas. Targeting LEED , WELL and WIRED score platinum ratings.<\/p>\n","protected":false},"author":6,"featured_media":0,"parent":645,"menu_order":0,"comment_status":"closed","ping_status":"closed","template":"","meta":{"_et_pb_use_builder":"on","_et_pb_old_content":"","_et_gb_content_width":""},"acf":[],"aioseo_notices":[],"_links":{"self":[{"href":"https:\/\/bwre.es\/wp-json\/wp\/v2\/pages\/753"}],"collection":[{"href":"https:\/\/bwre.es\/wp-json\/wp\/v2\/pages"}],"about":[{"href":"https:\/\/bwre.es\/wp-json\/wp\/v2\/types\/page"}],"author":[{"embeddable":true,"href":"https:\/\/bwre.es\/wp-json\/wp\/v2\/users\/6"}],"replies":[{"embeddable":true,"href":"https:\/\/bwre.es\/wp-json\/wp\/v2\/comments?post=753"}],"version-history":[{"count":69,"href":"https:\/\/bwre.es\/wp-json\/wp\/v2\/pages\/753\/revisions"}],"predecessor-version":[{"id":4049,"href":"https:\/\/bwre.es\/wp-json\/wp\/v2\/pages\/753\/revisions\/4049"}],"up":[{"embeddable":true,"href":"https:\/\/bwre.es\/wp-json\/wp\/v2\/pages\/645"}],"wp:attachment":[{"href":"https:\/\/bwre.es\/wp-json\/wp\/v2\/media?parent=753"}],"curies":[{"name":"wp","href":"https:\/\/api.w.org\/{rel}","templated":true}]}}