{"id":4633,"date":"2023-07-25T13:10:44","date_gmt":"2023-07-25T13:10:44","guid":{"rendered":"https:\/\/bwre.es\/?page_id=4633"},"modified":"2023-08-10T10:59:31","modified_gmt":"2023-08-10T10:59:31","slug":"legal-disclaimer","status":"publish","type":"page","link":"https:\/\/bwre.es\/legal-disclaimer\/","title":{"rendered":"Aviso Legal"},"content":{"rendered":"<p>[et_pb_section fb_built=\u00bb1&#8243; _builder_version=\u00bb4.10.8&#8243; _module_preset=\u00bbdefault\u00bb global_colors_info=\u00bb{}\u00bb][et_pb_row module_class=\u00bbcont-poli\u00bb _builder_version=\u00bb4.10.8&#8243; _module_preset=\u00bbdefault\u00bb hover_enabled=\u00bb0&#8243; global_colors_info=\u00bb{}\u00bb custom_margin=\u00bb|65px||65px|false|false\u00bb sticky_enabled=\u00bb0&#8243;][et_pb_column type=\u00bb4_4&#8243; _builder_version=\u00bb4.10.8&#8243; _module_preset=\u00bbdefault\u00bb global_colors_info=\u00bb{}\u00bb][et_pb_text _builder_version=\u00bb4.10.8&#8243; _module_preset=\u00bbdefault\u00bb text_font=\u00bbHarmona Sans Pro Light||||||||\u00bb custom_margin=\u00bb||40px||false|false\u00bb global_colors_info=\u00bb{}\u00bb]<\/p>\n<h2><b>Aviso Legal<\/b><\/h2>\n<p>[\/et_pb_text][et_pb_text _builder_version=\u00bb4.10.8&#8243; _module_preset=\u00bbdefault\u00bb text_font=\u00bbHarmona Sans Pro Regular||||||||\u00bb custom_margin=\u00bb||40px||false|false\u00bb global_colors_info=\u00bb{}\u00bb]<\/p>\n<p>Le agradecemos que hayas decidido visitarnos. Queremos que su experiencia en nuestra Web sea lo mejor posible.<\/p>\n<p>&nbsp;<\/p>\n<p>Para acceder a nuestros servicios, declara que <strong>es mayor de edad<\/strong> y que tiene la capacidad legal suficiente para usar nuestros servicios, de acuerdo con su ley nacional.<\/p>\n<p>El acceso y la navegaci\u00f3n en el sitio web, o el uso de los servicios del mismo, implican la aceptaci\u00f3n expresa e \u00edntegra de todas y cada una de las presentes Condiciones Generales, incluidas tanto las Condiciones Particulares fijadas para ciertas promociones, as\u00ed como de las Pol\u00edticas de Privacidad y de las Cookies, relacionadas con la normativa vigente en la materia de Protecci\u00f3n de Datos Personales. Por favor, le recomendamos que las lea con atenci\u00f3n para saber qu\u00e9 tipo de datos se recogen a trav\u00e9s de nuestra Web, con qu\u00e9 finalidades y qu\u00e9 derechos relacionados con ello le conciernen.<\/p>\n<p>&nbsp;<\/p>\n<p><strong>1.- Informaci\u00f3n Legal.<\/strong><\/p>\n<p>En cumplimiento de la Ley 34\/2002, de 11 de julio, de Servicios de la Sociedad de la Informaci\u00f3n y del Comercio Electr\u00f3nico, los datos identificativos del titular del Portal Web son:<\/p>\n<p>&nbsp;<\/p>\n<p>BERMEJO AND WILLIAMSON REAL ESTATE, S.L.<\/p>\n<p>Caracas 23,<\/p>\n<p>3a planta<\/p>\n<p>28010 Madrid<\/p>\n<p>Spain<\/p>\n<p>CIF B87136040<\/p>\n<p>Tomo: 32.851 Folio: 22 Secci\u00f3n: 8 Hoja: M-591379 Inscripci\u00f3n 1<\/p>\n<p>&nbsp;<\/p>\n<p>Para cualquier duda o consulta, puede ponerse en contacto con nosotros a trav\u00e9s del e-mail: <a href=\"mailto:hola@bwre.es\">hola@bwre.es<\/a> o al tel\u00e9fono de contacto 91 052 0474.<\/p>\n<p>&nbsp;<\/p>\n<p>El acceso a la Web supone la aceptaci\u00f3n expresa del Usuario a las presentes Condiciones Generales de Uso, que podr\u00e1n ser modificadas total o parcialmente o sustituidas por otras, por su titular y en cualquier momento sin previo aviso. Le recomendamos que acceda a las presentes condiciones de vez en cuando para comprobar sus posibles modificaciones, que se publicar\u00e1n en el mismo apartado.<\/p>\n<p>&nbsp;<\/p>\n<p><strong>2.- Condiciones Generales de Uso.<\/strong><\/p>\n<p><strong>&nbsp;<\/strong><\/p>\n<p>Las siguientes Condiciones Generales regulan el uso y acceso al portal Web, cuya finalidad es establecer pautas de buen uso y comportamiento de la misma. BERMEJO AND WILLIAMSON REAL ESTATE, S.L., pone a disposici\u00f3n de los usuarios informaci\u00f3n sobre el uso, los servicios y los contenidos que se alojan en la Web. A trav\u00e9s \u00e9sta, el Usuario tiene acceso a informaci\u00f3n sobre productos y servicios espec\u00edficos, herramientas y aplicaciones.<\/p>\n<p>&nbsp;<\/p>\n<p>Los datos e informaciones sobre productos o servicios, precios y caracter\u00edsticas u otros datos relevantes ofrecidos a trav\u00e9s de la p\u00e1gina web son realizados, proporcionados y actualizados por Proveedores y terceras empresas. BERMEJO AND WILLIAMSON REAL ESTATE, S.L. no es, en ning\u00fan caso, responsable de dichos datos e informaciones ni asume ninguna obligaci\u00f3n sobre los mismos.<\/p>\n<p>&nbsp;<\/p>\n<p>El Usuario se compromete a hacer un uso adecuado de los contenidos, servicios, aplicaciones y herramientas que est\u00e1n accesibles, con sujeci\u00f3n a la Ley y a las presentes Condiciones Generales de Uso y, en su caso a las Condiciones Particulares que puedan establecerse para el acceso a determinados servicios y aplicaciones, respetando en todo momento a los dem\u00e1s Usuarios de la misma.<\/p>\n<p>&nbsp;<\/p>\n<p>En caso de incumplimiento total y\/o parcial por el Usuario de las presentes condiciones Generales de Uso, BERMEJO AND WILLIAMSON REAL ESTATE, S.L. se reserva el derecho de denegar el acceso a la Web, sin necesidad de previo aviso al Usuario.<\/p>\n<p>&nbsp;<\/p>\n<p><strong>3.- Obligaciones Generales del Usuario.<\/strong><\/p>\n<p>El Usuario, al aceptar las presentes condiciones Generales de Uso, se obliga expresamente a:<\/p>\n<p>&#8211; No realizar ninguna acci\u00f3n destinada perjudicar, bloquear, da\u00f1ar, inutilizar, sobrecargar, de forma temporal o definitiva, las funcionalidades, herramientas, contenidos y\/o la infraestructura de la p\u00e1gina web, de manera que impida su normal utilizaci\u00f3n.<\/p>\n<p>&#8211; Custodiar y mantener la confidencialidad de las claves de acceso asociadas a su nombre de Usuario, siendo responsable de la utilizaci\u00f3n de dichas claves de acceso personales e intransferibles por parte de terceros.<\/p>\n<p>&#8211; No introducir ni realizar contenidos injuriosos o calumniosos, tanto de otros Usuarios como de terceras empresas ajenas a BERMEJO AND WILLIAMSON REAL ESTATE, S.L.<\/p>\n<p>&#8211; No utilizar cualquiera de los materiales e informaciones contenidos en este Sitio Web con fines il\u00edcitos y\/o expresamente prohibidos en las presentes Condiciones Generales de Uso, as\u00ed como a las condiciones particulares que, en su caso, se establezcan para determinadas aplicaciones y\/o utilidades y que resulten contrarios a los derechos e intereses de BERMEJO AND WILLIAMSON REAL ESTATE, S.L., sus usuarios y\/o terceros.<\/p>\n<p>&#8211; No ofertar ni distribuir productos y servicios, ni realizar publicidad o comunicaciones comerciales no solicitadas a otros Usuarios y visitantes de BERMEJO AND WILLIAMSON REAL ESTATE, S.L.<\/p>\n<p>El Usuario responder\u00e1 de los todos los da\u00f1os y perjuicios de toda naturaleza que BERMEJO AND WILLIAMSON REAL ESTATE, S.L. o cualquier tercero pueda sufrir como consecuencia del incumplimiento de cualesquiera de las obligaciones a las que queda sometido por virtud de estas \u201cCondiciones Generales de Uso\u201d o de la ley en relaci\u00f3n con el acceso y\/o utilizaci\u00f3n de la p\u00e1gina.<\/p>\n<p>&nbsp;<\/p>\n<p>&nbsp;<\/p>\n<p><strong>4.- Propiedad Intelectual e Industrial.<\/strong><\/p>\n<p><strong>&nbsp;<\/strong><\/p>\n<p>El sitio web, las p\u00e1ginas que comprende y la informaci\u00f3n o elementos contenidos en las mismas (incluyendo textos, documentos, fotograf\u00edas, dibujos, representaciones gr\u00e1ficas, de los que es titular o de los que sean titulares terceros que autorizan al propietario a su utilizaci\u00f3n, entre otros), as\u00ed como logotipos, marcas, nombres comerciales u otros signos distintivos, se encuentran protegidos por derechos de propiedad intelectual y\/o industrial, de los que BERMEJO AND WILLIAMSON REAL ESTATE, S.L. es titular o ostenta autorizaci\u00f3n para su utilizaci\u00f3n y comunicaci\u00f3n p\u00fablica de los leg\u00edtimos titulares de las mismas.<\/p>\n<p>&nbsp;<\/p>\n<p>El Usuario se obliga a usar los contenidos de forma diligente y correcta, de acuerdo a la ley, la moral y el orden p\u00fablico. BERMEJO AND WILLIAMSON REAL ESTATE, S.L. autoriza al Usuario para visualizar la informaci\u00f3n que se contiene en este sitio web, as\u00ed como para efectuar reproducciones privadas (simple actividad de descarga y almacenamiento en sus sistemas inform\u00e1ticos), siempre y cuando los elementos sean destinados \u00fanicamente al uso personal. En ning\u00fan caso, ello significar\u00e1 una autorizaci\u00f3n o licencia sobre los derechos de propiedad de BERMEJO AND WILLIAMSON REAL ESTATE, S.L. o de los leg\u00edtimos titulares de las mismas.<\/p>\n<p>&nbsp;<\/p>\n<p>El Usuario no est\u00e1 autorizado para proceder a la distribuci\u00f3n, modificaci\u00f3n, cesi\u00f3n o comunicaci\u00f3n p\u00fablica de la informaci\u00f3n contenida en esta Web en cualquier forma y cualquiera que sea su finalidad.<\/p>\n<p>&nbsp;<\/p>\n<p><strong>5.- Enlaces.<\/strong><\/p>\n<p>Las conexiones y enlaces a sitios o p\u00e1ginas Web de terceros se han establecido \u00fanicamente como una utilidad para el Usuario. BERMEJO AND WILLIAMSON REAL ESTATE, S.L. no es, en ning\u00fan caso, responsable de las mismas o de su contenido.<\/p>\n<p>&nbsp;<\/p>\n<p>BERMEJO AND WILLIAMSON REAL ESTATE, S.L. no asume ninguna responsabilidad derivada de la existencia de enlaces entre los contenidos de este sitio y contenidos situados fuera del mismo o de cualquier otra menci\u00f3n de contenidos externos a este sitio. Tales enlaces o menciones tienen una finalidad exclusivamente informativa y, en ning\u00fan caso, implican el apoyo, aprobaci\u00f3n, comercializaci\u00f3n o relaci\u00f3n alguna entre BERMEJO AND WILLIAMSON REAL ESTATE, S.L. y las personas o entidades autoras y\/o gestoras de tales contenidos o titulares de los sitios donde se encuentren.<\/p>\n<p>&nbsp;<\/p>\n<p>Para realizar enlaces con la p\u00e1gina Web ser\u00e1 necesaria la autorizaci\u00f3n expresa y por escrito de los titulares del portal.<\/p>\n<p>&nbsp;<\/p>\n<p><strong>6.- Responsabilidad.<\/strong><\/p>\n<p><strong>&nbsp;<\/strong><\/p>\n<p>BERMEJO AND WILLIAMSON REAL ESTATE, S.L. no garantiza el acceso continuado, ni la correcta visualizaci\u00f3n, descarga o utilidad de los elementos e informaci\u00f3n contenidos en las p\u00e1ginas del portal que pueden verse impedidos, dificultados o interrumpidos por factores o circunstancias fuera de su control o ajenas a su voluntad, ni de aquellos que sean producidos por la existencia de virus inform\u00e1ticos en Internet.<\/p>\n<p>&nbsp;<\/p>\n<p>BERMEJO AND WILLIAMSON REAL ESTATE, S.L. no asume responsabilidad alguna por da\u00f1os, perjuicios, p\u00e9rdidas, reclamaciones o gastos, producidos por:<\/p>\n<p>(i) Interferencias, interrupciones, fallos, omisiones, retrasos, bloqueos o desconexiones, motivadas por errores en las l\u00edneas y redes de telecomunicaciones o por cualquier otra causa ajena al control de BERMEJO AND WILLIAMSON REAL ESTATE, S.L.<\/p>\n<p>(ii) Intromisiones ileg\u00edtimas mediante el uso de programas malignos de cualquier tipo y a trav\u00e9s de cualquier medio de comunicaci\u00f3n, tales como virus inform\u00e1ticos o cualesquiera otros;<\/p>\n<p>(iii) Uso indebido o inadecuado de la p\u00e1gina web de BERMEJO AND WILLIAMSON REAL ESTATE, S.L.<\/p>\n<p>(iv) Errores de seguridad o navegaci\u00f3n producidos por un mal funcionamiento del navegador o por el uso de versiones no actualizadas.<\/p>\n<p>&nbsp;<\/p>\n<p>BERMEJO AND WILLIAMSON REAL ESTATE, S.L. no es responsable ni en ning\u00fan caso responder\u00e1 frente a los usuarios y a terceros sobre actos de cualquier tercero ajeno a BERMEJO AND WILLIAMSON REAL ESTATE, S.L. que conlleve o pueda suponer la realizaci\u00f3n de actos de competencia desleal y publicidad il\u00edcita o la infracci\u00f3n de los derechos de propiedad intelectual e industrial, de los secretos empresariales, de compromisos contractuales de cualquier clase, de los derechos al honor, a la intimidad personal y familiar y a la imagen, de los derechos de propiedad y de toda otra naturaleza pertenecientes a un tercero por raz\u00f3n de la transmisi\u00f3n, difusi\u00f3n, almacenamiento, puesta a disposici\u00f3n, recepci\u00f3n, obtenci\u00f3n o acceso a los contenidos.<\/p>\n<p>&nbsp;<\/p>\n<p><strong>7.- Protecci\u00f3n de Datos de Car\u00e1cter Personal.<\/strong><\/p>\n<p>Toda la pol\u00edtica de tratamiento de datos personales la encontrar\u00e1s en la Pol\u00edtica de Privacidad, que forma parte integrante de estas Condiciones Generales pero que, por simplicidad, hemos puesto en un documento aparte<a href=\"https:\/\/bwre.es\/es\/politica-de-privacidad\/\">&nbsp;.<\/a><\/p>\n<p>&nbsp;<\/p>\n<p><strong>8.- Legislaci\u00f3n.<\/strong><\/p>\n<p>El presente Aviso Legal se encuentra redactado en castellano y sometido a la legislaci\u00f3n espa\u00f1ola vigente. En caso de disputa o controversia relacionada con la aplicaci\u00f3n o interpretaci\u00f3n de las cl\u00e1usulas contenidas en el Aviso Legal, las Partes se someter\u00e1n a los Juzgados y Tribunales que resulten territorialmente competentes seg\u00fan la legislaci\u00f3n vigente.<\/p>\n<p>Si alguna de las cl\u00e1usulas descritas en el Aviso Legal fuese declarada nula y sin efecto, continuar\u00e1n siendo de aplicaci\u00f3n las restantes, sin que deban quedar afectadas por la declaraci\u00f3n de nulidad.<\/p>\n<p>&nbsp;<\/p>\n<p>[\/et_pb_text][\/et_pb_column][\/et_pb_row][\/et_pb_section]<\/p>\n","protected":false},"excerpt":{"rendered":"<p>Aviso Legal Le agradecemos que hayas decidido visitarnos. Queremos que su experiencia en nuestra Web sea lo mejor posible. &nbsp; Para acceder a nuestros servicios, declara que es mayor de edad y que tiene la capacidad legal suficiente para usar nuestros servicios, de acuerdo con su ley nacional. El acceso y la navegaci\u00f3n en el [&hellip;]<\/p>\n","protected":false},"author":6,"featured_media":0,"parent":0,"menu_order":0,"comment_status":"closed","ping_status":"closed","template":"","meta":{"_et_pb_use_builder":"on","_et_pb_old_content":"","_et_gb_content_width":""},"acf":[],"aioseo_notices":[],"_links":{"self":[{"href":"https:\/\/bwre.es\/wp-json\/wp\/v2\/pages\/4633"}],"collection":[{"href":"https:\/\/bwre.es\/wp-json\/wp\/v2\/pages"}],"about":[{"href":"https:\/\/bwre.es\/wp-json\/wp\/v2\/types\/page"}],"author":[{"embeddable":true,"href":"https:\/\/bwre.es\/wp-json\/wp\/v2\/users\/6"}],"replies":[{"embeddable":true,"href":"https:\/\/bwre.es\/wp-json\/wp\/v2\/comments?post=4633"}],"version-history":[{"count":12,"href":"https:\/\/bwre.es\/wp-json\/wp\/v2\/pages\/4633\/revisions"}],"predecessor-version":[{"id":4926,"href":"https:\/\/bwre.es\/wp-json\/wp\/v2\/pages\/4633\/revisions\/4926"}],"wp:attachment":[{"href":"https:\/\/bwre.es\/wp-json\/wp\/v2\/media?parent=4633"}],"curies":[{"name":"wp","href":"https:\/\/api.w.org\/{rel}","templated":true}]}}