{"id":4427,"date":"2023-07-21T14:47:59","date_gmt":"2023-07-21T14:47:59","guid":{"rendered":"https:\/\/bwre.es\/?page_id=4427"},"modified":"2023-08-01T14:39:52","modified_gmt":"2023-08-01T14:39:52","slug":"hospital","status":"publish","type":"page","link":"https:\/\/bwre.es\/projects\/hospital\/","title":{"rendered":"Hospital"},"content":{"rendered":"<p>[et_pb_section fb_built=\u00bb1&#8243; module_id=\u00bbsection1&#8243; module_class=\u00bbsection header-pro content-pro amar\u00bb _builder_version=\u00bb4.10.8&#8243; _module_preset=\u00bbdefault\u00bb background_enable_color=\u00bboff\u00bb custom_margin=\u00bb||||false|false\u00bb global_colors_info=\u00bb{}\u00bb][et_pb_row column_structure=\u00bb1_3,1_3,1_3&#8243; module_class=\u00bbheader-pro-content\u00bb _builder_version=\u00bb4.10.8&#8243; _module_preset=\u00bbdefault\u00bb background_color=\u00bb#FFB81C\u00bb custom_padding=\u00bb100px||||false|false\u00bb global_colors_info=\u00bb{}\u00bb][et_pb_column type=\u00bb1_3&#8243; _builder_version=\u00bb4.10.8&#8243; _module_preset=\u00bbdefault\u00bb global_colors_info=\u00bb{}\u00bb][et_pb_text _builder_version=\u00bb4.10.8&#8243; _module_preset=\u00bbdefault\u00bb global_colors_info=\u00bb{}\u00bb]<a href=\"https:\/\/bwre.es\/es\/proyectos\/\">Todos los proyectos<\/a>[\/et_pb_text][\/et_pb_column][et_pb_column type=\u00bb1_3&#8243; _builder_version=\u00bb4.10.8&#8243; _module_preset=\u00bbdefault\u00bb global_colors_info=\u00bb{}\u00bb][et_pb_text _builder_version=\u00bb4.10.8&#8243; _module_preset=\u00bbdefault\u00bb global_colors_info=\u00bb{}\u00bb]<\/p>\n<h3 style=\"text-align: center;\">Hospital<\/h3>\n<p>[\/et_pb_text][\/et_pb_column][et_pb_column type=\u00bb1_3&#8243; _builder_version=\u00bb4.10.8&#8243; _module_preset=\u00bbdefault\u00bb global_colors_info=\u00bb{}\u00bb][et_pb_text _builder_version=\u00bb4.10.8&#8243; _module_preset=\u00bbdefault\u00bb hover_enabled=\u00bb0&#8243; global_colors_info=\u00bb{}\u00bb sticky_enabled=\u00bb0&#8243;]<\/p>\n<p style=\"text-align: right;\"><a href=\"https:\/\/bwre.es\/es\/proyectos\/skylight\/\">Siguiente proyecto<\/a><\/p>\n<p>[\/et_pb_text][\/et_pb_column][\/et_pb_row][et_pb_row column_structure=\u00bb1_2,1_2&#8243; _builder_version=\u00bb4.10.8&#8243; _module_preset=\u00bbdefault\u00bb scroll_vertical_motion=\u00bb0|50|50|100|0|0|-4&#8243; global_colors_info=\u00bb{}\u00bb][et_pb_column type=\u00bb1_2&#8243; _builder_version=\u00bb4.10.8&#8243; _module_preset=\u00bbdefault\u00bb global_colors_info=\u00bb{}\u00bb][et_pb_text module_class=\u00bbcont\u00bb _builder_version=\u00bb4.10.8&#8243; _module_preset=\u00bbdefault\u00bb custom_padding=\u00bb||||false|false\u00bb global_colors_info=\u00bb{}\u00bb]<\/p>\n<p>El Grupo Hospiten avanza en el proyecto de construcci\u00f3n de un nuevo Hospital General Universitario en el municipio de Boadilla del Monte. Un complejo innovador con 30.000 m<sup>2<\/sup> que brindar\u00e1 espacios y servicios de salud de primer nivel a la amplia poblaci\u00f3n de la corona noroeste del \u00e1rea metropolitana de Madrid.<\/p>\n<p>Este proyecto materializa la apuesta de Hospiten por contribuir al desarrollo de infraestructura y servicios sanitarios en la regi\u00f3n m\u00e1s all\u00e1 del actual centro de referencia MD Anderson Cancer Center Madrid. Una ambici\u00f3n compartida, por lo que nos complace ser parte de un este gran proyecto centrado en las personas y, en concreto, en su salud y bienestar.<\/p>\n<p>En BWRE estructuramos y lideramos todo el proceso de desarrollo del complejo; desde la identificaci\u00f3n y compra de los terrenos, hasta el desarrollo de los trabajos t\u00e9cnicos necesarios para la definici\u00f3n t\u00e9cnica y construcci\u00f3n de un complejo hospitalario de primer nivel.<\/p>\n<p>[\/et_pb_text][\/et_pb_column][et_pb_column type=\u00bb1_2&#8243; _builder_version=\u00bb4.10.8&#8243; _module_preset=\u00bbdefault\u00bb global_colors_info=\u00bb{}\u00bb][et_pb_image src=\u00bbhttps:\/\/bwre.es\/wp-content\/uploads\/Hospiten-Cabo-San-Lucas_recortada.jpg\u00bb alt=\u00bbSkylight\u00bb title_text=\u00bbhospital-portada\u00bb _builder_version=\u00bb4.10.8&#8243; _module_preset=\u00bbdefault\u00bb background_enable_image=\u00bboff\u00bb global_colors_info=\u00bb{}\u00bb][\/et_pb_image][\/et_pb_column][\/et_pb_row][\/et_pb_section]<\/p>\n","protected":false},"excerpt":{"rendered":"<p>In 2019, BWRE acquired a site in Boadilla del Monte to develop over 100,000 sqm of Build-to-rent and mixed-use. Located central to the affluent northwest corridor next to Puerta del Hierro hospital, a golf course, Equinnocio retail park and at the entrance of the Las Lomas gated community.<\/p>\n","protected":false},"author":6,"featured_media":0,"parent":645,"menu_order":0,"comment_status":"closed","ping_status":"closed","template":"","meta":{"_et_pb_use_builder":"on","_et_pb_old_content":"","_et_gb_content_width":""},"acf":[],"aioseo_notices":[],"_links":{"self":[{"href":"https:\/\/bwre.es\/wp-json\/wp\/v2\/pages\/4427"}],"collection":[{"href":"https:\/\/bwre.es\/wp-json\/wp\/v2\/pages"}],"about":[{"href":"https:\/\/bwre.es\/wp-json\/wp\/v2\/types\/page"}],"author":[{"embeddable":true,"href":"https:\/\/bwre.es\/wp-json\/wp\/v2\/users\/6"}],"replies":[{"embeddable":true,"href":"https:\/\/bwre.es\/wp-json\/wp\/v2\/comments?post=4427"}],"version-history":[{"count":11,"href":"https:\/\/bwre.es\/wp-json\/wp\/v2\/pages\/4427\/revisions"}],"predecessor-version":[{"id":4915,"href":"https:\/\/bwre.es\/wp-json\/wp\/v2\/pages\/4427\/revisions\/4915"}],"up":[{"embeddable":true,"href":"https:\/\/bwre.es\/wp-json\/wp\/v2\/pages\/645"}],"wp:attachment":[{"href":"https:\/\/bwre.es\/wp-json\/wp\/v2\/media?parent=4427"}],"curies":[{"name":"wp","href":"https:\/\/api.w.org\/{rel}","templated":true}]}}