{"id":4373,"date":"2023-07-21T13:48:27","date_gmt":"2023-07-21T13:48:27","guid":{"rendered":"https:\/\/bwre.es\/?page_id=4373"},"modified":"2023-07-27T12:32:21","modified_gmt":"2023-07-27T12:32:21","slug":"san-lorenzo-20","status":"publish","type":"page","link":"https:\/\/bwre.es\/projects\/san-lorenzo-20\/","title":{"rendered":"San Lorenzo 20"},"content":{"rendered":"<p>[et_pb_section fb_built=\u00bb1&#8243; module_id=\u00bbsection1&#8243; module_class=\u00bbsection header-pro content-pro\u00bb _builder_version=\u00bb4.10.8&#8243; _module_preset=\u00bbdefault\u00bb background_enable_color=\u00bboff\u00bb custom_margin=\u00bb||||false|false\u00bb hover_enabled=\u00bb0&#8243; global_colors_info=\u00bb{}\u00bb sticky_enabled=\u00bb0&#8243;][et_pb_row column_structure=\u00bb1_3,1_3,1_3&#8243; module_class=\u00bbheader-pro-content cyg&#8211;cate-2&#8243; _builder_version=\u00bb4.10.8&#8243; _module_preset=\u00bbdefault\u00bb background_color=\u00bb#DA1984&#8243; custom_padding=\u00bb100px||||false|false\u00bb hover_enabled=\u00bb0&#8243; global_colors_info=\u00bb{}\u00bb sticky_enabled=\u00bb0&#8243;][et_pb_column type=\u00bb1_3&#8243; _builder_version=\u00bb4.10.8&#8243; _module_preset=\u00bbdefault\u00bb global_colors_info=\u00bb{}\u00bb][et_pb_text _builder_version=\u00bb4.10.8&#8243; _module_preset=\u00bbdefault\u00bb global_colors_info=\u00bb{}\u00bb]<a href=\"https:\/\/bwre.es\/es\/proyectos\/\">Todos los proyectos<\/a>[\/et_pb_text][\/et_pb_column][et_pb_column type=\u00bb1_3&#8243; _builder_version=\u00bb4.10.8&#8243; _module_preset=\u00bbdefault\u00bb global_colors_info=\u00bb{}\u00bb][et_pb_text _builder_version=\u00bb4.10.8&#8243; _module_preset=\u00bbdefault\u00bb global_colors_info=\u00bb{}\u00bb]<\/p>\n<h3 style=\"text-align: center;\">San Lorenzo 20<\/h3>\n<p>[\/et_pb_text][\/et_pb_column][et_pb_column type=\u00bb1_3&#8243; _builder_version=\u00bb4.10.8&#8243; _module_preset=\u00bbdefault\u00bb global_colors_info=\u00bb{}\u00bb][et_pb_text _builder_version=\u00bb4.10.8&#8243; _module_preset=\u00bbdefault\u00bb global_colors_info=\u00bb{}\u00bb]<\/p>\n<p style=\"text-align: right;\"><a href=\"https:\/\/bwre.es\/es\/proyectos\/lavapies-malasana-chueca\/\">Siguiente proyecto<\/a><\/p>\n<p>[\/et_pb_text][\/et_pb_column][\/et_pb_row][et_pb_row column_structure=\u00bb1_2,1_2&#8243; _builder_version=\u00bb4.10.8&#8243; _module_preset=\u00bbdefault\u00bb scroll_vertical_motion=\u00bb0|50|50|100|0|0|-4&#8243; global_colors_info=\u00bb{}\u00bb][et_pb_column type=\u00bb1_2&#8243; _builder_version=\u00bb4.10.8&#8243; _module_preset=\u00bbdefault\u00bb global_colors_info=\u00bb{}\u00bb][et_pb_text module_class=\u00bbcont\u00bb _builder_version=\u00bb4.10.8&#8243; _module_preset=\u00bbdefault\u00bb custom_padding=\u00bb||||false|false\u00bb global_colors_info=\u00bb{}\u00bb]<\/p>\n<p>En BWRE siempre estamos en b\u00fasqueda de la tendencia y de las experiencias que ofrecen las ciudades y barrios donde desarrollamos nuestros proyectos inmobiliarios.<\/p>\n<p>Tal es el caso de Wunderhouse, San Lorenzo 20, uno de los tantos proyectos enfocados en el dise\u00f1o funcional del espacio que tenemos en Madrid. El edificio est\u00e1 pensado para estudiantes y trabajadores j\u00f3venes que buscan aprovechar las comodidades y la ubicaci\u00f3n del edificio en el barrio Chueca.<\/p>\n<p>El proyecto permite a sus inquilinos disfrutar de actividades culturales, laborales y de ocio en el mismo espacio, con alta diversidad de estos. Estamos felices de presentar una de las mejores opciones para aquellos que disfrutan de explorar el mundo.<\/p>\n<p>[\/et_pb_text][\/et_pb_column][et_pb_column type=\u00bb1_2&#8243; _builder_version=\u00bb4.10.8&#8243; _module_preset=\u00bbdefault\u00bb global_colors_info=\u00bb{}\u00bb][et_pb_image src=\u00bbhttps:\/\/bwre.es\/wp-content\/uploads\/lorenzo-portada.jpg\u00bb alt=\u00bbSkylight\u00bb title_text=\u00bblorenzo-portada\u00bb _builder_version=\u00bb4.10.8&#8243; _module_preset=\u00bbdefault\u00bb background_enable_image=\u00bboff\u00bb global_colors_info=\u00bb{}\u00bb][\/et_pb_image][\/et_pb_column][\/et_pb_row][\/et_pb_section][et_pb_section fb_built=\u00bb1&#8243; module_id=\u00bbsection2&#8243; module_class=\u00bbsection\u00bb _builder_version=\u00bb4.10.8&#8243; _module_preset=\u00bbdefault\u00bb background_color=\u00bb#FFFFFF\u00bb global_colors_info=\u00bb{}\u00bb][et_pb_row _builder_version=\u00bb4.10.8&#8243; _module_preset=\u00bbdefault\u00bb background_image=\u00bbhttps:\/\/bwre.es\/wp-content\/uploads\/lorenzo-full.jpg\u00bb parallax=\u00bbon\u00bb parallax_method=\u00bboff\u00bb max_width=\u00bb100%\u00bb custom_padding=\u00bb100vh||||false|false\u00bb scroll_vertical_motion=\u00bb0|50|50|100|0|0|-4&#8243; global_colors_info=\u00bb{}\u00bb][et_pb_column type=\u00bb4_4&#8243; _builder_version=\u00bb4.10.8&#8243; _module_preset=\u00bbdefault\u00bb global_colors_info=\u00bb{}\u00bb][\/et_pb_column][\/et_pb_row][\/et_pb_section]<\/p>\n","protected":false},"excerpt":{"rendered":"<p>In 2019, BWRE acquired a site in Boadilla del Monte to develop over 100,000 sqm of Build-to-rent and mixed-use. Located central to the affluent northwest corridor next to Puerta del Hierro hospital, a golf course, Equinnocio retail park and at the entrance of the Las Lomas gated community.<\/p>\n","protected":false},"author":6,"featured_media":0,"parent":645,"menu_order":0,"comment_status":"closed","ping_status":"closed","template":"","meta":{"_et_pb_use_builder":"on","_et_pb_old_content":"","_et_gb_content_width":""},"acf":[],"aioseo_notices":[],"_links":{"self":[{"href":"https:\/\/bwre.es\/wp-json\/wp\/v2\/pages\/4373"}],"collection":[{"href":"https:\/\/bwre.es\/wp-json\/wp\/v2\/pages"}],"about":[{"href":"https:\/\/bwre.es\/wp-json\/wp\/v2\/types\/page"}],"author":[{"embeddable":true,"href":"https:\/\/bwre.es\/wp-json\/wp\/v2\/users\/6"}],"replies":[{"embeddable":true,"href":"https:\/\/bwre.es\/wp-json\/wp\/v2\/comments?post=4373"}],"version-history":[{"count":8,"href":"https:\/\/bwre.es\/wp-json\/wp\/v2\/pages\/4373\/revisions"}],"predecessor-version":[{"id":4834,"href":"https:\/\/bwre.es\/wp-json\/wp\/v2\/pages\/4373\/revisions\/4834"}],"up":[{"embeddable":true,"href":"https:\/\/bwre.es\/wp-json\/wp\/v2\/pages\/645"}],"wp:attachment":[{"href":"https:\/\/bwre.es\/wp-json\/wp\/v2\/media?parent=4373"}],"curies":[{"name":"wp","href":"https:\/\/api.w.org\/{rel}","templated":true}]}}