{"id":4340,"date":"2023-07-21T13:28:19","date_gmt":"2023-07-21T13:28:19","guid":{"rendered":"https:\/\/bwre.es\/?page_id=4340"},"modified":"2023-09-22T07:05:24","modified_gmt":"2023-09-22T07:05:24","slug":"boadilla-hills-2","status":"publish","type":"page","link":"https:\/\/bwre.es\/projects\/boadilla-hills-2\/","title":{"rendered":"Boadilla Hills"},"content":{"rendered":"<p>[et_pb_section fb_built=\u00bb1&#8243; module_id=\u00bbsection1&#8243; module_class=\u00bbsection header-pro content-pro\u00bb _builder_version=\u00bb4.10.8&#8243; _module_preset=\u00bbdefault\u00bb background_enable_color=\u00bboff\u00bb custom_margin=\u00bb||||false|false\u00bb global_colors_info=\u00bb{}\u00bb][et_pb_row column_structure=\u00bb1_3,1_3,1_3&#8243; module_class=\u00bbheader-pro-content cyg&#8211;cate-2&#8243; _builder_version=\u00bb4.10.8&#8243; _module_preset=\u00bbdefault\u00bb background_color=\u00bb#DA1984&#8243; custom_padding=\u00bb100px||||false|false\u00bb global_colors_info=\u00bb{}\u00bb][et_pb_column type=\u00bb1_3&#8243; _builder_version=\u00bb4.10.8&#8243; _module_preset=\u00bbdefault\u00bb global_colors_info=\u00bb{}\u00bb][et_pb_text _builder_version=\u00bb4.10.8&#8243; _module_preset=\u00bbdefault\u00bb global_colors_info=\u00bb{}\u00bb]<\/p>\n<p><a href=\"https:\/\/bwre.es\/es\/proyectos\/\">Todos los proyectos<\/a><\/p>\n<p>[\/et_pb_text][\/et_pb_column][et_pb_column type=\u00bb1_3&#8243; _builder_version=\u00bb4.10.8&#8243; _module_preset=\u00bbdefault\u00bb global_colors_info=\u00bb{}\u00bb][et_pb_text _builder_version=\u00bb4.10.8&#8243; _module_preset=\u00bbdefault\u00bb global_colors_info=\u00bb{}\u00bb]<\/p>\n<h3 style=\"text-align: center;\">Boadilla Hills<\/h3>\n<p>[\/et_pb_text][\/et_pb_column][et_pb_column type=\u00bb1_3&#8243; _builder_version=\u00bb4.10.8&#8243; _module_preset=\u00bbdefault\u00bb global_colors_info=\u00bb{}\u00bb][et_pb_text _builder_version=\u00bb4.10.8&#8243; _module_preset=\u00bbdefault\u00bb global_colors_info=\u00bb{}\u00bb]<\/p>\n<p style=\"text-align: right;\"><a href=\"https:\/\/bwre.es\/es\/proyectos\/edificio-chamberi\/\">Siguiente proyecto<\/a><\/p>\n<p>[\/et_pb_text][\/et_pb_column][\/et_pb_row][et_pb_row column_structure=\u00bb1_2,1_2&#8243; _builder_version=\u00bb4.10.8&#8243; _module_preset=\u00bbdefault\u00bb scroll_vertical_motion=\u00bb0|50|50|100|0|0|-4&#8243; global_colors_info=\u00bb{}\u00bb][et_pb_column type=\u00bb1_2&#8243; _builder_version=\u00bb4.10.8&#8243; _module_preset=\u00bbdefault\u00bb global_colors_info=\u00bb{}\u00bb][et_pb_text module_class=\u00bbcont\u00bb _builder_version=\u00bb4.10.8&#8243; _module_preset=\u00bbdefault\u00bb custom_padding=\u00bb||||false|false\u00bb global_colors_info=\u00bb{}\u00bb]<\/p>\n<p>A fines de 2019, BWRE adquiri\u00f3 un importante terreno urbano en la localidad de Boadilla del Monte para el desarrollo de m\u00e1s de 90.000 m<sup>2<\/sup> de edificabilidad destinado a apartamentos bajo licencia de aparthotel y una pastilla de uso comercial (retail + oficinas). El solar est\u00e1 ubicado en el coraz\u00f3n de la zona noroeste de Madrid, junto al hospital Puerta del Hierro, el campo de golf Las Rejas, el centro comercial y de ocio Equinoccio y la entrada a la urbanizaci\u00f3n de Las Lomas.<\/p>\n<p>En BWRE trabajamos junto con la ciudad de Boadilla para abordar las necesidades de la zona, dada la falta de oferta de soluciones habitacionales para j\u00f3venes, familias y personas mayores.<\/p>\n<p>Nuestro proyecto paisaj\u00edstico incluir\u00e1 huertos urbanos y bosques alimentarios de permacultura con propagaci\u00f3n de vida silvestre, as\u00ed como un conjunto de espacios comunes para residentes que incluyen bares en la azotea, estudios de grabaci\u00f3n, clases nocturnas, guarder\u00edas hol\u00edsticas, espacios para conciertos, instalaciones deportivas (paredes de roca, piscinas, saunas, etc.), servicios t\u00e9cnicos y mantenimiento, bibliotecas , \u00e1reas de recepci\u00f3n de paquetes, zonas de juegos de aventuras, coworking, etc.<\/p>\n<p>[\/et_pb_text][\/et_pb_column][et_pb_column type=\u00bb1_2&#8243; _builder_version=\u00bb4.10.8&#8243; _module_preset=\u00bbdefault\u00bb global_colors_info=\u00bb{}\u00bb][et_pb_image src=\u00bbhttps:\/\/bwre.es\/wp-content\/uploads\/boadilla-portada.jpg\u00bb alt=\u00bbSkylight\u00bb title_text=\u00bbboadilla-portada\u00bb _builder_version=\u00bb4.10.8&#8243; _module_preset=\u00bbdefault\u00bb background_enable_image=\u00bboff\u00bb global_colors_info=\u00bb{}\u00bb][\/et_pb_image][\/et_pb_column][\/et_pb_row][\/et_pb_section][et_pb_section fb_built=\u00bb1&#8243; module_id=\u00bbsection2&#8243; module_class=\u00bbsection\u00bb _builder_version=\u00bb4.10.8&#8243; _module_preset=\u00bbdefault\u00bb background_color=\u00bb#FFFFFF\u00bb global_colors_info=\u00bb{}\u00bb][et_pb_row _builder_version=\u00bb4.10.8&#8243; _module_preset=\u00bbdefault\u00bb background_image=\u00bbhttps:\/\/bwre.es\/wp-content\/uploads\/boadilla-full.jpg\u00bb parallax=\u00bbon\u00bb parallax_method=\u00bboff\u00bb max_width=\u00bb100%\u00bb custom_padding=\u00bb100vh||||false|false\u00bb scroll_vertical_motion=\u00bb0|50|50|100|0|0|-4&#8243; global_colors_info=\u00bb{}\u00bb][et_pb_column type=\u00bb4_4&#8243; _builder_version=\u00bb4.10.8&#8243; _module_preset=\u00bbdefault\u00bb global_colors_info=\u00bb{}\u00bb][\/et_pb_column][\/et_pb_row][\/et_pb_section]<\/p>\n","protected":false},"excerpt":{"rendered":"<p>In 2019, BWRE acquired a site in Boadilla del Monte to develop over 100,000 sqm of Build-to-rent and mixed-use. Located central to the affluent northwest corridor next to Puerta del Hierro hospital, a golf course, Equinnocio retail park and at the entrance of the Las Lomas gated community.<\/p>\n","protected":false},"author":6,"featured_media":0,"parent":645,"menu_order":0,"comment_status":"closed","ping_status":"closed","template":"","meta":{"_et_pb_use_builder":"on","_et_pb_old_content":"","_et_gb_content_width":""},"acf":[],"aioseo_notices":[],"_links":{"self":[{"href":"https:\/\/bwre.es\/wp-json\/wp\/v2\/pages\/4340"}],"collection":[{"href":"https:\/\/bwre.es\/wp-json\/wp\/v2\/pages"}],"about":[{"href":"https:\/\/bwre.es\/wp-json\/wp\/v2\/types\/page"}],"author":[{"embeddable":true,"href":"https:\/\/bwre.es\/wp-json\/wp\/v2\/users\/6"}],"replies":[{"embeddable":true,"href":"https:\/\/bwre.es\/wp-json\/wp\/v2\/comments?post=4340"}],"version-history":[{"count":12,"href":"https:\/\/bwre.es\/wp-json\/wp\/v2\/pages\/4340\/revisions"}],"predecessor-version":[{"id":4948,"href":"https:\/\/bwre.es\/wp-json\/wp\/v2\/pages\/4340\/revisions\/4948"}],"up":[{"embeddable":true,"href":"https:\/\/bwre.es\/wp-json\/wp\/v2\/pages\/645"}],"wp:attachment":[{"href":"https:\/\/bwre.es\/wp-json\/wp\/v2\/media?parent=4340"}],"curies":[{"name":"wp","href":"https:\/\/api.w.org\/{rel}","templated":true}]}}