{"id":3447,"date":"2022-04-01T13:41:07","date_gmt":"2022-04-01T13:41:07","guid":{"rendered":"https:\/\/bwre.es\/?page_id=3447"},"modified":"2022-11-14T16:50:11","modified_gmt":"2022-11-14T16:50:11","slug":"february-21-2022","status":"publish","type":"page","link":"https:\/\/bwre.es\/wpn\/news\/february-21-2022\/","title":{"rendered":"21 de febrero de 2022"},"content":{"rendered":"<p>[et_pb_section fb_built=\u00bb1&#8243; module_id=\u00bbsection1&#8243; module_class=\u00bbsection header-pro content-pro\u00bb _builder_version=\u00bb4.10.8&#8243; _module_preset=\u00bbdefault\u00bb background_enable_color=\u00bboff\u00bb custom_margin=\u00bb||||false|false\u00bb global_colors_info=\u00bb{}\u00bb][et_pb_row column_structure=\u00bb1_3,1_3,1_3&#8243; module_class=\u00bbheader-pro-content\u00bb _builder_version=\u00bb4.10.8&#8243; _module_preset=\u00bbdefault\u00bb background_color=\u00bb#ff6900&#8243; custom_padding=\u00bb100px||||false|false\u00bb global_colors_info=\u00bb{}\u00bb][et_pb_column type=\u00bb1_3&#8243; _builder_version=\u00bb4.10.8&#8243; _module_preset=\u00bbdefault\u00bb global_colors_info=\u00bb{}\u00bb][et_pb_text admin_label=\u00bball\u00bb _builder_version=\u00bb4.10.8&#8243; _module_preset=\u00bbdefault\u00bb global_colors_info=\u00bb{}\u00bb]<a href=\"https:\/\/bwre.es\/es\/wpn\/noticias\/\">Todo<\/a>[\/et_pb_text][\/et_pb_column][et_pb_column type=\u00bb1_3&#8243; _builder_version=\u00bb4.10.8&#8243; _module_preset=\u00bbdefault\u00bb global_colors_info=\u00bb{}\u00bb][et_pb_text admin_label=\u00bbt\u00edtulo new\u00bb _builder_version=\u00bb4.10.8&#8243; _module_preset=\u00bbdefault\u00bb hover_enabled=\u00bb0&#8243; global_colors_info=\u00bb{}\u00bb sticky_enabled=\u00bb0&#8243;]<\/p>\n<h3 style=\"text-align: center;\">21 de febrero de 2022<\/h3>\n<p>[\/et_pb_text][\/et_pb_column][et_pb_column type=\u00bb1_3&#8243; _builder_version=\u00bb4.10.8&#8243; _module_preset=\u00bbdefault\u00bb global_colors_info=\u00bb{}\u00bb][et_pb_text admin_label=\u00bbnext new\u00bb _builder_version=\u00bb4.10.8&#8243; _module_preset=\u00bbdefault\u00bb hover_enabled=\u00bb0&#8243; global_colors_info=\u00bb{}\u00bb sticky_enabled=\u00bb0&#8243;]<\/p>\n<p style=\"text-align: right;\"><a href=\"https:\/\/bwre.es\/es\/wpn\/noticias\/21-de-marzo-de-2022\/\">Siguiente<\/a><\/p>\n<p>[\/et_pb_text][\/et_pb_column][\/et_pb_row][et_pb_row column_structure=\u00bb1_2,1_2&#8243; module_id=\u00bbrow-noticia\u00bb module_class=\u00bbrow-custom fix-scroll-img\u00bb _builder_version=\u00bb4.10.8&#8243; _module_preset=\u00bbdefault\u00bb parallax=\u00bbon\u00bb parallax_method=\u00bboff\u00bb scroll_vertical_motion=\u00bb0|50|50|100|0|0|-4&#8243; global_colors_info=\u00bb{}\u00bb][et_pb_column type=\u00bb1_2&#8243; _builder_version=\u00bb4.10.8&#8243; _module_preset=\u00bbdefault\u00bb global_colors_info=\u00bb{}\u00bb][et_pb_text module_class=\u00bbcont tx-news\u00bb _builder_version=\u00bb4.10.8&#8243; _module_preset=\u00bbdefault\u00bb custom_padding=\u00bb||||false|false\u00bb hover_enabled=\u00bb0&#8243; global_colors_info=\u00bb{}\u00bb sticky_enabled=\u00bb0&#8243;]<\/p>\n<h4><strong>Blue Coast Capital vende Ancora 40 a Deka Immobilien<\/strong><\/h4>\n<p><em>\u2022 Ancora 40 es la sede de Just Eat, la plataforma de comida a domicilio, que tiene un contrato de arrendamiento de larga duraci\u00f3n.<\/em><\/p>\n<p>Madrid, 21 de febrero 2022: Blue Coast Capital ha vendido Ancora 40, un edificio de oficinas en las inmediaciones de M\u00e9ndez \u00c1lvaro, una de las zonas m\u00e1s demandadas por inversores y empresas, a un fondo inmobiliario gestionado por Deka Immobilien. El inmueble est\u00e1 alquilado desde el pasado febrero a la plataforma de comida a domicilio Just Eat, una operaci\u00f3n que fue asesorada por JLL. La compa\u00f1\u00eda, una de las l\u00edderes en el segmento del <i>delivery<\/i> en Espa\u00f1a, tiene su sede en el edificio.<\/p>\n<p>El grupo inversor Blue Coast Capital desarroll\u00f3 en Ancora 40 un proyecto inspirado en la arquitectura vanguardista londinense, reinventando el espacio de trabajo a trav\u00e9s de \u00e1reas inspiradoras y luminosas que abren nuevas posibilidades a la forma de sentir, trabajar, inspirarse, participar y crear. Promovido por BWRE, el edificio de nueva construcci\u00f3n, con una superficie de 7.215 m\u00b2, cuenta con certificaci\u00f3n de sostenibilidad LEED Gold. Se trata de uno de los inmuebles de oficinas mejor preparados para el futuro con una capacidad de m\u00e1s de 600 personas. Combina los espacios de trabajo con la tecnolog\u00eda, la eficiencia, la seguridad y el respeto al medio ambiente. <\/p>\n<p>\u201cAncora 40 es nuestro segundo proyecto de reconversi\u00f3n de edificios industriales en espacios de primera categor\u00eda, que responden a las nuevas tendencias en el alquiler de oficinas. La venta de Ancora completa nuestro proyecto Tango, que incluye la venta de Ancora 40 y de T\u00e1nger 66 en Barcelona\u201d, coment\u00f3 Fraser Denton, <i>Managing Director de European Real Estate<\/i>, de Blue Coast Capital.<\/p>\n<p>Por su parte, Ignacio Sobrino, director de oficinas de JLL destac\u00f3 que \u201cesta operaci\u00f3n demuestra que se mantiene el gran inter\u00e9s por parte de los inversores en el sector de las oficinas y principalmente en activos de gran calidad y bien ubicados. Asimismo, el proyecto de transformaci\u00f3n de Ancora 40 ha sabido responder a la demanda latente de empresas tecnol\u00f3gicas en la b\u00fasqueda de espacios diferentes que son polo de atracci\u00f3n y retenci\u00f3n del talento\u201d.<\/p>\n<p>[\/et_pb_text][\/et_pb_column][et_pb_column type=\u00bb1_2&#8243; _builder_version=\u00bb4.10.8&#8243; _module_preset=\u00bbdefault\u00bb global_colors_info=\u00bb{}\u00bb][et_pb_image src=\u00bbhttps:\/\/bwre.es\/wp-content\/uploads\/noti-3.jpg\u00bb alt=\u00bbSkylight\u00bb title_text=\u00bbnoti-3&#8243; _builder_version=\u00bb4.10.8&#8243; _module_preset=\u00bbdefault\u00bb global_colors_info=\u00bb{}\u00bb][\/et_pb_image][\/et_pb_column][\/et_pb_row][\/et_pb_section]<\/p>\n","protected":false},"excerpt":{"rendered":"<p>Todo21 de febrero de 2022SiguienteBlue Coast Capital vende Ancora 40 a Deka Immobilien \u2022 Ancora 40 es la sede de Just Eat, la plataforma de comida a domicilio, que tiene un contrato de arrendamiento de larga duraci\u00f3n. Madrid, 21 de febrero 2022: Blue Coast Capital ha vendido Ancora 40, un edificio de oficinas en las [&hellip;]<\/p>\n","protected":false},"author":6,"featured_media":0,"parent":3117,"menu_order":0,"comment_status":"closed","ping_status":"closed","template":"","meta":{"_et_pb_use_builder":"on","_et_pb_old_content":"","_et_gb_content_width":""},"acf":[],"aioseo_notices":[],"_links":{"self":[{"href":"https:\/\/bwre.es\/wp-json\/wp\/v2\/pages\/3447"}],"collection":[{"href":"https:\/\/bwre.es\/wp-json\/wp\/v2\/pages"}],"about":[{"href":"https:\/\/bwre.es\/wp-json\/wp\/v2\/types\/page"}],"author":[{"embeddable":true,"href":"https:\/\/bwre.es\/wp-json\/wp\/v2\/users\/6"}],"replies":[{"embeddable":true,"href":"https:\/\/bwre.es\/wp-json\/wp\/v2\/comments?post=3447"}],"version-history":[{"count":10,"href":"https:\/\/bwre.es\/wp-json\/wp\/v2\/pages\/3447\/revisions"}],"predecessor-version":[{"id":4090,"href":"https:\/\/bwre.es\/wp-json\/wp\/v2\/pages\/3447\/revisions\/4090"}],"up":[{"embeddable":true,"href":"https:\/\/bwre.es\/wp-json\/wp\/v2\/pages\/3117"}],"wp:attachment":[{"href":"https:\/\/bwre.es\/wp-json\/wp\/v2\/media?parent=3447"}],"curies":[{"name":"wp","href":"https:\/\/api.w.org\/{rel}","templated":true}]}}