{"id":3334,"date":"2022-03-31T17:28:40","date_gmt":"2022-03-31T17:28:40","guid":{"rendered":"https:\/\/bwre.es\/?page_id=3334"},"modified":"2022-11-14T16:50:13","modified_gmt":"2022-11-14T16:50:13","slug":"march-21-2022","status":"publish","type":"page","link":"https:\/\/bwre.es\/wpn\/news\/march-21-2022\/","title":{"rendered":"21 de Marzo de 2022"},"content":{"rendered":"<p>[et_pb_section fb_built=\u00bb1&#8243; module_id=\u00bbsection1&#8243; module_class=\u00bbsection header-pro content-pro\u00bb _builder_version=\u00bb4.10.8&#8243; _module_preset=\u00bbdefault\u00bb background_enable_color=\u00bboff\u00bb custom_margin=\u00bb||||false|false\u00bb global_colors_info=\u00bb{}\u00bb][et_pb_row column_structure=\u00bb1_3,1_3,1_3&#8243; module_class=\u00bbheader-pro-content\u00bb _builder_version=\u00bb4.10.8&#8243; _module_preset=\u00bbdefault\u00bb background_color=\u00bb#ff6900&#8243; custom_padding=\u00bb100px||||false|false\u00bb global_colors_info=\u00bb{}\u00bb][et_pb_column type=\u00bb1_3&#8243; _builder_version=\u00bb4.10.8&#8243; _module_preset=\u00bbdefault\u00bb global_colors_info=\u00bb{}\u00bb][et_pb_text admin_label=\u00bball\u00bb _builder_version=\u00bb4.10.8&#8243; _module_preset=\u00bbdefault\u00bb global_colors_info=\u00bb{}\u00bb]<a href=\"https:\/\/bwre.es\/es\/wpn\/noticias\/\">Todo<\/a>[\/et_pb_text][\/et_pb_column][et_pb_column type=\u00bb1_3&#8243; _builder_version=\u00bb4.10.8&#8243; _module_preset=\u00bbdefault\u00bb global_colors_info=\u00bb{}\u00bb][et_pb_text admin_label=\u00bbt\u00edtulo new\u00bb _builder_version=\u00bb4.10.8&#8243; _module_preset=\u00bbdefault\u00bb global_colors_info=\u00bb{}\u00bb]<\/p>\n<h3 style=\"text-align: center;\">21 de Marzo de 2022<\/h3>\n<p>[\/et_pb_text][\/et_pb_column][et_pb_column type=\u00bb1_3&#8243; _builder_version=\u00bb4.10.8&#8243; _module_preset=\u00bbdefault\u00bb global_colors_info=\u00bb{}\u00bb][et_pb_text admin_label=\u00bbnext new\u00bb _builder_version=\u00bb4.10.8&#8243; _module_preset=\u00bbdefault\u00bb global_colors_info=\u00bb{}\u00bb]<\/p>\n<p style=\"text-align: right;\"><a href=\"https:\/\/bwre.es\/es\/wpn\/noticias\/30-de-marzo-de-2022\/\">Siguiente<\/a><\/p>\n<p>[\/et_pb_text][\/et_pb_column][\/et_pb_row][et_pb_row column_structure=\u00bb1_2,1_2&#8243; module_id=\u00bbrow-noticia\u00bb module_class=\u00bbrow-custom fix-scroll-img\u00bb _builder_version=\u00bb4.10.8&#8243; _module_preset=\u00bbdefault\u00bb parallax=\u00bbon\u00bb parallax_method=\u00bboff\u00bb scroll_vertical_motion=\u00bb0|50|50|100|0|0|-4&#8243; global_colors_info=\u00bb{}\u00bb][et_pb_column type=\u00bb1_2&#8243; _builder_version=\u00bb4.10.8&#8243; _module_preset=\u00bbdefault\u00bb global_colors_info=\u00bb{}\u00bb][et_pb_text module_class=\u00bbcont tx-news\u00bb _builder_version=\u00bb4.10.8&#8243; _module_preset=\u00bbdefault\u00bb custom_padding=\u00bb||||false|false\u00bb global_colors_info=\u00bb{}\u00bb]<\/p>\n<h4><strong> MMT Seguros cierra la venta de su mayor inmueble a BWRE en Madrid<\/strong><\/h4>\n<p><i><em>\u2022 <\/em>La operaci\u00f3n permite a MMT Seguros avanzar en la ejecuci\u00f3n de su Plan Estrat\u00e9gico y a BWRE desarrollar un campus de oficinas que ser\u00e1 referente de los nuevos espacios de trabajo en Madrid<\/i><\/p>\n<p>Madrid, 21 de marzo de 2022. MMT Seguros ha cerrado la venta de sus instalaciones en la calle Marqu\u00e9s de Mond\u00e9jar y Pedro Heredia de Madrid a BWRE, gestor de fondos de inversi\u00f3n inmobiliarios en el \u00e1rea metropolitana de Madrid. <\/p>\n<p>Estos activos inmobiliarios, dedicados en la actualidad a oficinas y talleres mec\u00e1nicos y que estaban bajo propiedad de MMT desde el a\u00f1o 1957, cuentan con una superficie construida superior a 10.000 m<sup>2<\/sup> y se encuentran en una zona estrat\u00e9gica de la capital de Espa\u00f1a dentro del per\u00edmetro interior de la M-30.<\/p>\n<p>Con el cierre de esta operaci\u00f3n MMT Seguros avanza en la reestructuraci\u00f3n y ejecuci\u00f3n de su Plan Estrat\u00e9gico, centrado en afrontar una etapa de consolidaci\u00f3n, creaci\u00f3n de valor y futuro, y contempla la puesta en valor de los activos de la compa\u00f1\u00eda, as\u00ed como una mejora notable en su ratio de solvencia.<\/p>\n<p>La venta de los inmuebles no supondr\u00e1 una p\u00e9rdida de servicios para los mutualistas de MMT Seguros, ya que la operaci\u00f3n se ha planificado dentro de unos plazos que permitir\u00e1n compaginar la prestaci\u00f3n de dichos servicios con el traslado a una nueva localizaci\u00f3n que permitir\u00e1 contar con unas instalaciones m\u00e1s modernas.<\/p>\n<p>Por su parte, BWRE ha se\u00f1alado que con los activos adquiridos tiene como objetivo desarrollar un proyecto basado en las \u00faltimas tendencias en espacios corporativos <i>\u201cSmart\u201d<\/i> de la m\u00e1s alta gama. Se est\u00e1 dise\u00f1ando para conseguir todas las certificaciones ESG incluyendo LEED, WELL y WIRED, todas en la categor\u00eda platino. Adem\u00e1s, ser\u00e1 uno de los primeros edificios <i>\u201cNet Zero Carbon\u201d<\/i> en Espa\u00f1a, con estructura de madera y calefacci\u00f3n por geotermia. Los futuros usuarios tambi\u00e9n contar\u00e1n con m\u00e1s de 4.000 m<sup>2<\/sup> de espacios exteriores: patio central, terrazas, y cubiertas transitables.<\/p>\n<p>En la operaci\u00f3n, Deloitte Financial Advisory, a trav\u00e9s de su equipo de Real Estate, ha asesorado a MMT Seguros. BWRE ha contado con el asesoramiento de Dentons.<\/p>\n<p>[\/et_pb_text][\/et_pb_column][et_pb_column type=\u00bb1_2&#8243; _builder_version=\u00bb4.10.8&#8243; _module_preset=\u00bbdefault\u00bb global_colors_info=\u00bb{}\u00bb][et_pb_image src=\u00bbhttps:\/\/bwre.es\/wp-content\/uploads\/Foto-27-11-21-15-18-12-scaled.jpg\u00bb alt=\u00bbSkylight\u00bb title_text=\u00bbDCIM100GOPROGOPR0693.JPG\u00bb _builder_version=\u00bb4.10.8&#8243; _module_preset=\u00bbdefault\u00bb global_colors_info=\u00bb{}\u00bb][\/et_pb_image][\/et_pb_column][\/et_pb_row][\/et_pb_section]<\/p>\n","protected":false},"excerpt":{"rendered":"<p>Todo21 de Marzo de 2022Siguiente MMT Seguros cierra la venta de su mayor inmueble a BWRE en Madrid \u2022 La operaci\u00f3n permite a MMT Seguros avanzar en la ejecuci\u00f3n de su Plan Estrat\u00e9gico y a BWRE desarrollar un campus de oficinas que ser\u00e1 referente de los nuevos espacios de trabajo en Madrid Madrid, 21 de [&hellip;]<\/p>\n","protected":false},"author":6,"featured_media":0,"parent":3117,"menu_order":0,"comment_status":"closed","ping_status":"closed","template":"","meta":{"_et_pb_use_builder":"on","_et_pb_old_content":"","_et_gb_content_width":""},"acf":[],"aioseo_notices":[],"_links":{"self":[{"href":"https:\/\/bwre.es\/wp-json\/wp\/v2\/pages\/3334"}],"collection":[{"href":"https:\/\/bwre.es\/wp-json\/wp\/v2\/pages"}],"about":[{"href":"https:\/\/bwre.es\/wp-json\/wp\/v2\/types\/page"}],"author":[{"embeddable":true,"href":"https:\/\/bwre.es\/wp-json\/wp\/v2\/users\/6"}],"replies":[{"embeddable":true,"href":"https:\/\/bwre.es\/wp-json\/wp\/v2\/comments?post=3334"}],"version-history":[{"count":11,"href":"https:\/\/bwre.es\/wp-json\/wp\/v2\/pages\/3334\/revisions"}],"predecessor-version":[{"id":4052,"href":"https:\/\/bwre.es\/wp-json\/wp\/v2\/pages\/3334\/revisions\/4052"}],"up":[{"embeddable":true,"href":"https:\/\/bwre.es\/wp-json\/wp\/v2\/pages\/3117"}],"wp:attachment":[{"href":"https:\/\/bwre.es\/wp-json\/wp\/v2\/media?parent=3334"}],"curies":[{"name":"wp","href":"https:\/\/api.w.org\/{rel}","templated":true}]}}