{"id":3320,"date":"2022-03-31T16:33:20","date_gmt":"2022-03-31T16:33:20","guid":{"rendered":"https:\/\/bwre.es\/?page_id=3320"},"modified":"2022-11-14T16:51:55","modified_gmt":"2022-11-14T16:51:55","slug":"march-30-2022","status":"publish","type":"page","link":"https:\/\/bwre.es\/wpn\/news\/march-30-2022\/","title":{"rendered":"30 de marzo de 2022"},"content":{"rendered":"<p>[et_pb_section fb_built=\u00bb1&#8243; module_id=\u00bbsection1&#8243; module_class=\u00bbsection header-pro content-pro\u00bb _builder_version=\u00bb4.10.8&#8243; _module_preset=\u00bbdefault\u00bb background_enable_color=\u00bboff\u00bb custom_margin=\u00bb||||false|false\u00bb global_colors_info=\u00bb{}\u00bb][et_pb_row column_structure=\u00bb1_3,1_3,1_3&#8243; module_class=\u00bbheader-pro-content\u00bb _builder_version=\u00bb4.10.8&#8243; _module_preset=\u00bbdefault\u00bb background_color=\u00bb#ff6900&#8243; custom_padding=\u00bb100px||||false|false\u00bb global_colors_info=\u00bb{}\u00bb][et_pb_column type=\u00bb1_3&#8243; _builder_version=\u00bb4.10.8&#8243; _module_preset=\u00bbdefault\u00bb global_colors_info=\u00bb{}\u00bb][et_pb_text admin_label=\u00bball\u00bb _builder_version=\u00bb4.10.8&#8243; _module_preset=\u00bbdefault\u00bb global_colors_info=\u00bb{}\u00bb]<a href=\"https:\/\/bwre.es\/es\/wpn\/noticias\/\">Todo<\/a>[\/et_pb_text][\/et_pb_column][et_pb_column type=\u00bb1_3&#8243; _builder_version=\u00bb4.10.8&#8243; _module_preset=\u00bbdefault\u00bb global_colors_info=\u00bb{}\u00bb][et_pb_text admin_label=\u00bbt\u00edtulo new\u00bb _builder_version=\u00bb4.10.8&#8243; _module_preset=\u00bbdefault\u00bb global_colors_info=\u00bb{}\u00bb]<\/p>\n<h3 style=\"text-align: center;\">30 de marzo de 2022<\/h3>\n<p>[\/et_pb_text][\/et_pb_column][et_pb_column type=\u00bb1_3&#8243; _builder_version=\u00bb4.10.8&#8243; _module_preset=\u00bbdefault\u00bb global_colors_info=\u00bb{}\u00bb][et_pb_text admin_label=\u00bbnext new\u00bb _builder_version=\u00bb4.10.8&#8243; _module_preset=\u00bbdefault\u00bb hover_enabled=\u00bb0&#8243; global_colors_info=\u00bb{}\u00bb sticky_enabled=\u00bb0&#8243;]<\/p>\n<p style=\"text-align: right;\"><a href=\"https:\/\/bwre.es\/es\/wpn\/noticias\/21-de-febrero-de-2022\/\">Siguiente<\/a><\/p>\n<p>[\/et_pb_text][\/et_pb_column][\/et_pb_row][et_pb_row column_structure=\u00bb1_2,1_2&#8243; module_id=\u00bbrow-noticia\u00bb module_class=\u00bbrow-custom fix-scroll-img\u00bb _builder_version=\u00bb4.10.8&#8243; _module_preset=\u00bbdefault\u00bb parallax=\u00bbon\u00bb parallax_method=\u00bboff\u00bb scroll_vertical_motion=\u00bb0|50|50|100|0|0|-4&#8243; global_colors_info=\u00bb{}\u00bb][et_pb_column type=\u00bb1_2&#8243; _builder_version=\u00bb4.10.8&#8243; _module_preset=\u00bbdefault\u00bb global_colors_info=\u00bb{}\u00bb][et_pb_text module_class=\u00bbcont tx-news\u00bb _builder_version=\u00bb4.10.8&#8243; _module_preset=\u00bbdefault\u00bb custom_padding=\u00bb||||false|false\u00bb global_colors_info=\u00bb{}\u00bb]<\/p>\n<h4><strong>El Ayuntamiento de Boadilla del Monte concede licencia para el proyecto de residencia comunitaria m\u00e1s importante de la Comunidad de Madrid<\/strong><\/h4>\n<p><em>\u2022 Ubicado en la M516, frente al Hospital de Puerta de Hierro, a la altura de Valdecaba\u00f1as, contar\u00e1 con una inversi\u00f3n superior a 250 M\u20ac y ser\u00e1 el mayor desarrollo en su tipolog\u00eda de Madrid.<\/em><\/p>\n<p><em>\u2022 Boadilla Hills, cuenta con una edificabilidad superior a 90.000 m<sup>2<\/sup> y con 60.000 m<sup>2<\/sup> de zonas verdes, es el mayor proyecto de residencias comunitarias con servicios y zonas comunes, destinado a j\u00f3venes, familias y mayores, cada uno con sus respectivos espacios y servicios.<\/em><\/p>\n<p>El Ayuntamiento de Boadilla del Monte ha concedido licencia a <strong>BWRE<\/strong>, gestor de fondos de inversi\u00f3n inmobiliarios centrado en el \u00e1rea metropolitana de Madrid, para comenzar el proyecto de <strong>Boadilla Hills un desarrollo de m\u00e1s de 1.500 residencias comunitarias, ubicado en Valdecaba\u00f1as, Boadilla del Monte (Madrid). <\/strong> El proyecto, con 60.000 m<sup>2<\/sup> de zonas verdes y una edificabilidad superior a 90.000m<sup>2<\/sup>, se destinar\u00e1 a j\u00f3venes, familias y mayores. Se ha concebido bajo <strong>las m\u00e1s altas certificaciones de sostenibilidad, respetando el medio ambiente y proporcionando un entorno comunitario natural, seguro y con los m\u00e1s altos est\u00e1ndares de calidad.<\/strong><br \/>\nEste proyecto, <strong>que cuenta con una inversi\u00f3n superior a 250 M\u20ac, ser\u00e1 el mayor desarrollo en Madrid de su clase, <\/strong>con residencias comunitarias de 1, 2, 3 y 4 habitaciones y una ampl\u00edsima cantidad de servicios como: piscinas, biblioteca y salas de lectura, gimnasio, spa, espacios de relajaci\u00f3n, fisioterapia y masajes, \u00e1reas de juego, espacios hort\u00edcolas para el cultivo de productos frescos,<strong> adem\u00e1s de un \u00e1rea comercial de uso para todos los vecinos de Boadilla que incluye espacio de oficinas y alta cocina. <\/strong><br \/>\nAdem\u00e1s, Boadilla Hills <strong>contar\u00e1 con seguridad las 24 horas y con un total de 1.800 plazas de aparcamiento bajo rasante, <\/strong>que garantizan la accesibilidad a los diferentes usos, y la calidad de los espacios verdes. A la vez, <strong>esto ayudar\u00e1 a que las zonas adyacentes a este proyecto no sufran molestia alguna.<\/strong><br \/>\nLa iniciativa incluye tambi\u00e9n la intervenci\u00f3n sobre las calles colindantes, que permitir\u00e1 mejorar las v\u00edas p\u00fablicas de la zona y la plantaci\u00f3n de numerosos \u00e1rboles, creando un bosque a modo de barrera entre la urbanizaci\u00f3n y la M-50.<br \/>\n<strong>Hortensia Bermejo, <i>Managing Partner<\/i> de BWRE, <\/strong>se\u00f1ala sobre este proyecto que <i>\u201cestamos muy contentos de poder crear un espacio diferente para vivir, en el que conviven: familia, trabajo, salud, diversi\u00f3n, amigos, deporte, ocio\u2026 Estamos ante un nuevo modelo de vida: Boadilla Hills\u201d<\/i><br \/>\n<strong> El alcalde de Boadilla del Monte, Javier \u00dabeda, <\/strong>indica que <i>\u201cla inversi\u00f3n que se va a realizar en el municipio muestra la pujanza de nuestra ciudad, que es el referente de la corona metropolitana de Madrid, por su calidad de vida, seguridad y servicios\u201d, y declara que ser\u00e1 muy beneficioso para los vecinos, pues \u201csupondr\u00e1 para las arcas municipales alrededor de unos 10 millones de euros en los pr\u00f3ximos 10 a\u00f1os derivados del IBI, ICIO y diversas tasas municipales, adem\u00e1s de generar empleo y aumentar la oferta comercial de la ciudad en una zona que lo requiere\u201d.<\/i><br \/>\n<strong>El concepto ha sido dise\u00f1ado por el estudio ingl\u00e9s BGY en colaboraci\u00f3n con Arnaiz. <\/strong>Uno de los principales factores que se han tenido en cuenta es el respeto con la zona en que se construir\u00e1 Boadilla Hills, manteni\u00e9ndose las zonas clave de Valdecaba\u00f1as y respetando y reforestando los alrededores para mantener un entorno de bosque aut\u00f3ctono dentro de un suelo urbano. Se ubica en una parcela junto a la M-50 donde el Ayuntamiento concentr\u00f3 estos usos para liberar de las urbanizaciones de vivienda unifamiliar usos m\u00e1s p\u00fablicos y dotacionales. <strong>Con Boadilla Hills, se culmina el desarrollo urban\u00edstico de Valdecaba\u00f1as, integrando la intervenci\u00f3n en la imagen y trama urbana actual.<\/strong><\/p>\n<p>[\/et_pb_text][\/et_pb_column][et_pb_column type=\u00bb1_2&#8243; _builder_version=\u00bb4.10.8&#8243; _module_preset=\u00bbdefault\u00bb global_colors_info=\u00bb{}\u00bb][et_pb_image src=\u00bbhttps:\/\/bwre.es\/wp-content\/uploads\/aereanoche-1.jpg\u00bb alt=\u00bbSkylight\u00bb title_text=\u00bbaereanoche\u00bb _builder_version=\u00bb4.10.8&#8243; _module_preset=\u00bbdefault\u00bb global_colors_info=\u00bb{}\u00bb][\/et_pb_image][\/et_pb_column][\/et_pb_row][\/et_pb_section]<\/p>\n","protected":false},"excerpt":{"rendered":"<p>Todo 30 de marzo de 2022 Siguiente El Ayuntamiento de Boadilla del Monte concede licencia para el proyecto de residencia comunitaria m\u00e1s importante de la Comunidad de Madrid \u2022 Ubicado en la M516, frente al Hospital de Puerta de Hierro, a la altura de Valdecaba\u00f1as, contar\u00e1 con una inversi\u00f3n superior a 250 M\u20ac y ser\u00e1 [&hellip;]<\/p>\n","protected":false},"author":6,"featured_media":0,"parent":3117,"menu_order":0,"comment_status":"closed","ping_status":"closed","template":"","meta":{"_et_pb_use_builder":"on","_et_pb_old_content":"","_et_gb_content_width":""},"acf":[],"aioseo_notices":[],"_links":{"self":[{"href":"https:\/\/bwre.es\/wp-json\/wp\/v2\/pages\/3320"}],"collection":[{"href":"https:\/\/bwre.es\/wp-json\/wp\/v2\/pages"}],"about":[{"href":"https:\/\/bwre.es\/wp-json\/wp\/v2\/types\/page"}],"author":[{"embeddable":true,"href":"https:\/\/bwre.es\/wp-json\/wp\/v2\/users\/6"}],"replies":[{"embeddable":true,"href":"https:\/\/bwre.es\/wp-json\/wp\/v2\/comments?post=3320"}],"version-history":[{"count":16,"href":"https:\/\/bwre.es\/wp-json\/wp\/v2\/pages\/3320\/revisions"}],"predecessor-version":[{"id":4025,"href":"https:\/\/bwre.es\/wp-json\/wp\/v2\/pages\/3320\/revisions\/4025"}],"up":[{"embeddable":true,"href":"https:\/\/bwre.es\/wp-json\/wp\/v2\/pages\/3117"}],"wp:attachment":[{"href":"https:\/\/bwre.es\/wp-json\/wp\/v2\/media?parent=3320"}],"curies":[{"name":"wp","href":"https:\/\/api.w.org\/{rel}","templated":true}]}}