{"id":309,"date":"2021-09-14T18:25:49","date_gmt":"2021-09-14T18:25:49","guid":{"rendered":"https:\/\/bwre.es\/?page_id=309"},"modified":"2023-09-04T12:30:32","modified_gmt":"2023-09-04T12:30:32","slug":"home","status":"publish","type":"page","link":"https:\/\/bwre.es\/","title":{"rendered":"Inicio"},"content":{"rendered":"<p>[et_pb_section fb_built=\u00bb1&#8243; admin_label=\u00bbSecci\u00f3n 1&#8243; module_id=\u00bbseccion1&#8243; module_class=\u00bbsection\u00bb _builder_version=\u00bb4.10.8&#8243; _module_preset=\u00bbdefault\u00bb background_enable_color=\u00bboff\u00bb background_image=\u00bbhttps:\/\/bwre.es\/wp-content\/uploads\/V3-1920&#215;1080-Foto-ae\u0301rea-Madrid_iStock-148128051.jpg\u00bb height=\u00bb100%\u00bb overflow-y=\u00bbhidden\u00bb custom_margin=\u00bb0px|0px|0px|0px|true|true\u00bb custom_padding=\u00bb0px|0px|0px|0px|true|true\u00bb collapsed=\u00bboff\u00bb global_colors_info=\u00bb{}\u00bb][et_pb_row module_id=\u00bbtx-intro\u00bb module_class=\u00bbhide-when-scroll\u00bb _builder_version=\u00bb4.10.8&#8243; _module_preset=\u00bbdefault\u00bb z_index=\u00bb9&#8243; custom_margin=\u00bb||||false|false\u00bb collapsed=\u00bboff\u00bb global_colors_info=\u00bb{}\u00bb][et_pb_column type=\u00bb4_4&#8243; _builder_version=\u00bb4.9.10&#8243; _module_preset=\u00bbdefault\u00bb global_colors_info=\u00bb{}\u00bb][et_pb_text module_class=\u00bbtx-colores intro\u00bb _builder_version=\u00bb4.10.8&#8243; _module_preset=\u00bbdefault\u00bb header_font=\u00bbHarmona Sans Pro Regular||||||||\u00bb header_text_align=\u00bbcenter\u00bb header_text_color=\u00bb#000000&#8243; header_font_size=\u00bb82px\u00bb custom_margin=\u00bb-180px||||false|false\u00bb custom_margin_tablet=\u00bb-110px||||false|false\u00bb custom_margin_phone=\u00bb-180px||||false|false\u00bb custom_margin_last_edited=\u00bbon|phone\u00bb animation_style=\u00bbfade\u00bb animation_direction=\u00bbright\u00bb global_colors_info=\u00bb{}\u00bb]<\/p>\n<h1>Innovando el Real Estate<\/h1>\n<p>[\/et_pb_text][\/et_pb_column][\/et_pb_row][\/et_pb_section]<\/p>\n<p>[et_pb_section fb_built=\u00bb1&#8243; admin_label=\u00bbtx color 1&#8243; module_id=\u00bbseccion2&#8243; module_class=\u00bbsection\u00bb _builder_version=\u00bb4.10.8&#8243; _module_preset=\u00bbdefault\u00bb background_color=\u00bb#ff6900&#8243; background_enable_image=\u00bboff\u00bb height=\u00bb100%\u00bb custom_margin=\u00bb0px|0px|0px|0px|true|true\u00bb custom_padding=\u00bb0px|0px|0px|0px|true|true\u00bb collapsed=\u00bboff\u00bb global_colors_info=\u00bb{}\u00bb][et_pb_row module_class=\u00bbhide-when-scroll parallax-text-1&#8243; _builder_version=\u00bb4.10.8&#8243; _module_preset=\u00bbdefault\u00bb background_enable_image=\u00bboff\u00bb global_colors_info=\u00bb{}\u00bb][et_pb_column type=\u00bb4_4&#8243; _builder_version=\u00bb4.10.8&#8243; _module_preset=\u00bbdefault\u00bb global_colors_info=\u00bb{}\u00bb][et_pb_text module_class=\u00bbtx-colores\u00bb _builder_version=\u00bb4.10.8&#8243; _module_preset=\u00bbdefault\u00bb header_2_font=\u00bbHarmona Sans Pro Light||||||||\u00bb header_2_text_align=\u00bbcenter\u00bb header_2_text_color=\u00bb#FFFFFF\u00bb header_2_font_size=\u00bb82px\u00bb header_2_line_height=\u00bb98.4px\u00bb custom_margin=\u00bb||||false|false\u00bb custom_padding=\u00bb||50px||false|false\u00bb animation_direction=\u00bbbottom\u00bb global_colors_info=\u00bb{}\u00bb]<\/p>\n<h2 style=\"text-align: center;\">BWRE es una gestora de inversiones<br \/>\ninmobiliarias especializada<br \/>\nen el \u00e1rea metropolitana de Madrid.<\/h2>\n<p>[\/et_pb_text][\/et_pb_column][\/et_pb_row][\/et_pb_section]<\/p>\n<p>[et_pb_section fb_built=\u00bb1&#8243; admin_label=\u00bbSecci\u00f3n 3&#8243; module_id=\u00bbseccion3&#8243; module_class=\u00bbsection\u00bb _builder_version=\u00bb4.9.10&#8243; _module_preset=\u00bbdefault\u00bb background_enable_color=\u00bboff\u00bb background_image=\u00bbhttps:\/\/bwre.es\/wp-content\/uploads\/img02.jpg\u00bb height=\u00bb100%\u00bb custom_margin=\u00bb0px|0px|0px|0px|true|true\u00bb custom_padding=\u00bb0px|0px|0px|0px|true|true\u00bb collapsed=\u00bboff\u00bb global_colors_info=\u00bb{}\u00bb][\/et_pb_section]<\/p>\n<p>[et_pb_section fb_built=\u00bb1&#8243; admin_label=\u00bbSecci\u00f3n 4&#8243; module_id=\u00bbseccion4&#8243; module_class=\u00bbsection\u00bb _builder_version=\u00bb4.10.8&#8243; _module_preset=\u00bbdefault\u00bb background_enable_color=\u00bboff\u00bb background_image=\u00bbhttps:\/\/bwre.es\/wp-content\/uploads\/fondo-fucsia.png\u00bb height=\u00bb100%\u00bb custom_margin=\u00bb0px|0px|0px|0px|true|true\u00bb custom_padding=\u00bb0px|0px|0px|0px|true|true\u00bb collapsed=\u00bboff\u00bb global_colors_info=\u00bb{}\u00bb][et_pb_row module_class=\u00bbhide-when-scroll parallax-text-1&#8243; _builder_version=\u00bb4.10.8&#8243; _module_preset=\u00bbdefault\u00bb custom_margin=\u00bb||||false|false\u00bb custom_padding=\u00bb0px||0px||true|false\u00bb global_colors_info=\u00bb{}\u00bb][et_pb_column type=\u00bb4_4&#8243; _builder_version=\u00bb4.9.10&#8243; _module_preset=\u00bbdefault\u00bb global_colors_info=\u00bb{}\u00bb][et_pb_text module_class=\u00bbtx-colores\u00bb _builder_version=\u00bb4.10.8&#8243; _module_preset=\u00bbdefault\u00bb header_2_font=\u00bbHarmona Sans Pro Light||||||||\u00bb header_2_text_align=\u00bbcenter\u00bb header_2_text_color=\u00bb#FFFFFF\u00bb header_2_font_size=\u00bb82px\u00bb header_2_line_height=\u00bb98.4px\u00bb custom_margin=\u00bb||||false|false\u00bb custom_padding=\u00bb||50px||false|false\u00bb animation_direction=\u00bbbottom\u00bb global_colors_info=\u00bb{}\u00bb]<\/p>\n<h2 style=\"text-align: center;\">Transformamos activos inmobiliarios en proyectos de \u00e9xito, con contratos de arrendamientos a largo plazo que aseguran la liquidez y rentabilidad de la inversi\u00f3n.<\/h2>\n<p>[\/et_pb_text][\/et_pb_column][\/et_pb_row][\/et_pb_section]<\/p>\n<p>[et_pb_section fb_built=\u00bb1&#8243; admin_label=\u00bbSecci\u00f3n 5&#8243; module_id=\u00bbseccion5&#8243; module_class=\u00bbsection\u00bb _builder_version=\u00bb4.10.8&#8243; _module_preset=\u00bbdefault\u00bb background_enable_color=\u00bboff\u00bb background_image=\u00bbhttps:\/\/bwre.es\/wp-content\/uploads\/img03.jpg\u00bb height=\u00bb100%\u00bb custom_margin=\u00bb0px|0px|0px|0px|true|true\u00bb custom_padding=\u00bb0px|0px|0px|0px|true|true\u00bb collapsed=\u00bboff\u00bb global_colors_info=\u00bb{}\u00bb][\/et_pb_section]<\/p>\n<p>[et_pb_section fb_built=\u00bb1&#8243; admin_label=\u00bbSecci\u00f3n 6&#8243; module_id=\u00bbseccion6&#8243; module_class=\u00bbsection\u00bb _builder_version=\u00bb4.10.8&#8243; _module_preset=\u00bbdefault\u00bb background_enable_color=\u00bboff\u00bb background_image=\u00bbhttps:\/\/bwre.es\/wp-content\/uploads\/fondo-azul.png\u00bb height=\u00bb100%\u00bb custom_margin=\u00bb0px|0px|0px|0px|true|true\u00bb custom_padding=\u00bb0px|0px|0px|0px|true|true\u00bb collapsed=\u00bboff\u00bb global_colors_info=\u00bb{}\u00bb][et_pb_row module_class=\u00bbhide-when-scroll parallax-text-1&#8243; _builder_version=\u00bb4.10.8&#8243; _module_preset=\u00bbdefault\u00bb custom_margin=\u00bb||||false|false\u00bb custom_padding=\u00bb0px||0px||true|false\u00bb global_colors_info=\u00bb{}\u00bb][et_pb_column type=\u00bb4_4&#8243; _builder_version=\u00bb4.9.10&#8243; _module_preset=\u00bbdefault\u00bb global_colors_info=\u00bb{}\u00bb][et_pb_text module_class=\u00bbtx-colores\u00bb _builder_version=\u00bb4.10.8&#8243; _module_preset=\u00bbdefault\u00bb header_2_font=\u00bbHarmona Sans Pro Light||||||||\u00bb header_2_text_align=\u00bbcenter\u00bb header_2_text_color=\u00bb#FFFFFF\u00bb header_2_font_size=\u00bb82px\u00bb header_2_line_height=\u00bb98.4px\u00bb custom_margin=\u00bb||||false|false\u00bb custom_padding=\u00bb||50px||false|false\u00bb animation_direction=\u00bbbottom\u00bb global_colors_info=\u00bb{}\u00bb]<\/p>\n<h2 style=\"text-align: center;\">Desde nuestra fundaci\u00f3n en 2012, BWRE ha sido innovador en oficinas, alquiler residencial, proptech y hospitales.<\/h2>\n<p>[\/et_pb_text][\/et_pb_column][\/et_pb_row][\/et_pb_section]<\/p>\n<p>[et_pb_section fb_built=\u00bb1&#8243; admin_label=\u00bbSecci\u00f3n 7&#8243; module_id=\u00bbseccion7&#8243; module_class=\u00bbsection\u00bb _builder_version=\u00bb4.10.8&#8243; _module_preset=\u00bbdefault\u00bb background_enable_color=\u00bboff\u00bb background_image=\u00bbhttps:\/\/bwre.es\/wp-content\/uploads\/img04.jpg\u00bb height=\u00bb100%\u00bb custom_margin=\u00bb0px|0px|0px|0px|true|true\u00bb custom_padding=\u00bb0px|0px|0px|0px|true|true\u00bb collapsed=\u00bboff\u00bb global_colors_info=\u00bb{}\u00bb][\/et_pb_section]<\/p>\n<p>[et_pb_section fb_built=\u00bb1&#8243; admin_label=\u00bbAcorde\u00f3n de proyectos\u00bb module_id=\u00bbaccordion-section\u00bb module_class=\u00bbsection last-section section-height-auto aco\u00bb _builder_version=\u00bb4.10.8&#8243; _module_preset=\u00bbdefault\u00bb background_color=\u00bb#ffffff\u00bb background_enable_image=\u00bboff\u00bb height=\u00bb100%\u00bb overflow-y=\u00bbhidden\u00bb custom_margin=\u00bb0px|0px|0px|0px|true|true\u00bb custom_padding=\u00bb0px|0px|0px|0px|true|true\u00bb collapsed=\u00bboff\u00bb global_colors_info=\u00bb{}\u00bb disabled_on=\u00bboff|off|off\u00bb disabled=\u00bboff\u00bb][et_pb_row admin_label=\u00bbFila\u00bb module_class=\u00bbanimacion-bw\u00bb _builder_version=\u00bb4.10.8&#8243; _module_preset=\u00bbdefault\u00bb background_enable_video_mp4=\u00bboff\u00bb width=\u00bb100%\u00bb max_width=\u00bb100%\u00bb module_alignment=\u00bbcenter\u00bb custom_margin=\u00bb0px|auto|0px|0px|true|false\u00bb custom_padding=\u00bb0px|0px|0px|0px|false|false\u00bb collapsed=\u00bboff\u00bb global_colors_info=\u00bb{}\u00bb][et_pb_column type=\u00bb4_4&#8243; _builder_version=\u00bb4.9.10&#8243; _module_preset=\u00bbdefault\u00bb global_colors_info=\u00bb{}\u00bb][et_pb_code admin_label=\u00bbC\u00f3digo\u00bb _builder_version=\u00bb4.10.8&#8243; _module_preset=\u00bbdefault\u00bb custom_margin=\u00bb0px|0px|0px|0px|false|false\u00bb custom_padding=\u00bb0px|0px|0px|0px|false|false\u00bb global_colors_info=\u00bb{}\u00bb]<!-- [et_pb_line_break_holder] --><!-- [et_pb_line_break_holder] --><!-- [et_pb_line_break_holder] --><!-- [et_pb_line_break_holder] -->\n            <section class=\"linkedin-post-news\">\n                <h4>LinkedIn<\/h4>\n            <\/section>\n            <section>\n                <div id=\"linkedin-slider\" class=\"owl-carousel owl-theme\"><div class=\"linkedin-post-item\" id=\"linkedin-post-item-4466\">\r\n\t<a href=\"https:\/\/www.linkedin.com\/posts\/bermejo-%26-williamson-real-estate-sl_la-sede-de-just-eat-promovida-por-bwre-activity-7068881453450764290-rpUc?utm_source=share&utm_medium=member_desktop\" target=\"_blank\">\r\n\t\t<figure>\r\n\t\t\t<img width=\"990\" height=\"659\" src=\"https:\/\/bwre.es\/wp-content\/uploads\/Just-Eat.webp\" class=\"attachment-large size-large wp-post-image\" alt=\"\" loading=\"lazy\" srcset=\"https:\/\/bwre.es\/wp-content\/uploads\/Just-Eat.webp 990w, https:\/\/bwre.es\/wp-content\/uploads\/Just-Eat-980x652.webp 980w, https:\/\/bwre.es\/wp-content\/uploads\/Just-Eat-480x320.webp 480w\" sizes=\"(min-width: 0px) and (max-width: 480px) 480px, (min-width: 481px) and (max-width: 980px) 980px, (min-width: 981px) 990px, 100vw\" \/>\t\t<\/figure>\r\n\t\t<h5>Just Eat<\/h5>\r\n\t\t<span>Leer m\u00e1s en LinkedIn<\/span>\r\n\t<\/a>\r\n<\/div><div class=\"linkedin-post-item\" id=\"linkedin-post-item-4465\">\r\n\t<a href=\"https:\/\/www.linkedin.com\/posts\/bermejo-%26-williamson-real-estate-sl_bwre-mira-al-sur-de-madrid-despu%C3%A9s-de-culminar-activity-7064918064579919872-PXzN?utm_source=share&utm_medium=member_desktop\" target=\"_blank\">\r\n\t\t<figure>\r\n\t\t\t<img width=\"728\" height=\"345\" src=\"https:\/\/bwre.es\/wp-content\/uploads\/Puerta-del-Angel.jpg\" class=\"attachment-large size-large wp-post-image\" alt=\"\" loading=\"lazy\" srcset=\"https:\/\/bwre.es\/wp-content\/uploads\/Puerta-del-Angel.jpg 728w, https:\/\/bwre.es\/wp-content\/uploads\/Puerta-del-Angel-480x227.jpg 480w\" sizes=\"(min-width: 0px) and (max-width: 480px) 480px, (min-width: 481px) 728px, 100vw\" \/>\t\t<\/figure>\r\n\t\t<h5>Puerta del \u00c1ngel \u2013 Madlyn<\/h5>\r\n\t\t<span>Leer m\u00e1s en LinkedIn<\/span>\r\n\t<\/a>\r\n<\/div><div class=\"linkedin-post-item\" id=\"linkedin-post-item-4464\">\r\n\t<a href=\"https:\/\/es.linkedin.com\/posts\/bermejo-%26-williamson-real-estate-sl_revcap-y-bwre-promueven-un-inmueble-de-oficinas-activity-7084527321705062400-v6zW\" target=\"_blank\">\r\n\t\t<figure>\r\n\t\t\t<img width=\"1024\" height=\"479\" src=\"https:\/\/bwre.es\/wp-content\/uploads\/MDM-09-1024x479.jpg\" class=\"attachment-large size-large wp-post-image\" alt=\"\" loading=\"lazy\" srcset=\"https:\/\/bwre.es\/wp-content\/uploads\/MDM-09-980x459.jpg 980w, https:\/\/bwre.es\/wp-content\/uploads\/MDM-09-480x225.jpg 480w\" sizes=\"(min-width: 0px) and (max-width: 480px) 480px, (min-width: 481px) and (max-width: 980px) 980px, (min-width: 981px) 1024px, 100vw\" \/>\t\t<\/figure>\r\n\t\t<h5>Marqu\u00e9s de Mond\u00e9jar<\/h5>\r\n\t\t<span>Leer m\u00e1s en LinkedIn<\/span>\r\n\t<\/a>\r\n<\/div><div class=\"linkedin-post-item\" id=\"linkedin-post-item-4452\">\r\n\t<a href=\"https:\/\/www.linkedin.com\/posts\/bermejo-%26-williamson-real-estate-sl_hospiten-hospitentecuida-activity-7038796762790154241-L_eB?utm_source=share&utm_medium=member_desktop\" target=\"_blank\">\r\n\t\t<figure>\r\n\t\t\t<img width=\"1024\" height=\"632\" src=\"https:\/\/bwre.es\/wp-content\/uploads\/Hospiten-Cabo-San-Lucas_recortada-1024x632.jpg\" class=\"attachment-large size-large wp-post-image\" alt=\"\" loading=\"lazy\" srcset=\"https:\/\/bwre.es\/wp-content\/uploads\/Hospiten-Cabo-San-Lucas_recortada-1024x632.jpg 1024w, https:\/\/bwre.es\/wp-content\/uploads\/Hospiten-Cabo-San-Lucas_recortada-980x605.jpg 980w, https:\/\/bwre.es\/wp-content\/uploads\/Hospiten-Cabo-San-Lucas_recortada-480x296.jpg 480w\" sizes=\"(min-width: 0px) and (max-width: 480px) 480px, (min-width: 481px) and (max-width: 980px) 980px, (min-width: 981px) 1024px, 100vw\" \/>\t\t<\/figure>\r\n\t\t<h5>Prueba cygnus<\/h5>\r\n\t\t<span>Leer m\u00e1s en LinkedIn<\/span>\r\n\t<\/a>\r\n<\/div><div class=\"linkedin-post-item\" id=\"linkedin-post-item-4708\">\r\n\t<a href=\"https:\/\/www.linkedin.com\/posts\/bermejo-%26-williamson-real-estate-sl_matritense-cierra-financiaci%C3%B3n-por-215-millones-activity-7023204834593976320-ay8e?utm_source=share&utm_medium=member_desktop\" target=\"_blank\">\r\n\t\t<figure>\r\n\t\t\t<img width=\"1024\" height=\"683\" src=\"https:\/\/bwre.es\/wp-content\/uploads\/Matritense-LinkedIn-1024x683.jpg\" class=\"attachment-large size-large wp-post-image\" alt=\"\" loading=\"lazy\" srcset=\"https:\/\/bwre.es\/wp-content\/uploads\/Matritense-LinkedIn-1024x683.jpg 1024w, https:\/\/bwre.es\/wp-content\/uploads\/Matritense-LinkedIn-980x653.jpg 980w, https:\/\/bwre.es\/wp-content\/uploads\/Matritense-LinkedIn-480x320.jpg 480w\" sizes=\"(min-width: 0px) and (max-width: 480px) 480px, (min-width: 481px) and (max-width: 980px) 980px, (min-width: 981px) 1024px, 100vw\" \/>\t\t<\/figure>\r\n\t\t<h5>Matritense<\/h5>\r\n\t\t<span>Leer m\u00e1s en LinkedIn<\/span>\r\n\t<\/a>\r\n<\/div>\n                <\/div>\n            <\/section>[\/et_pb_code][\/et_pb_column][\/et_pb_row][\/et_pb_section]<\/p>\n<p>[et_pb_section fb_built=\u00bb1&#8243; admin_label=\u00bbAnimaci\u00f3n bwre\u00bb module_class=\u00bbanimacion-inicio\u00bb _builder_version=\u00bb4.10.8&#8243; _module_preset=\u00bbdefault\u00bb background_color=\u00bb#000000&#8243; background_enable_image=\u00bboff\u00bb height=\u00bb100%\u00bb overflow-y=\u00bbhidden\u00bb custom_margin=\u00bb0px|0px|0px|0px|true|true\u00bb custom_padding=\u00bb0px|0px|0px|0px|true|true\u00bb collapsed=\u00bboff\u00bb global_colors_info=\u00bb{}\u00bb][et_pb_row admin_label=\u00bbAnimaci\u00f3n bwre\u00bb module_class=\u00bbanimacion-bw\u00bb _builder_version=\u00bb4.10.8&#8243; _module_preset=\u00bbdefault\u00bb background_enable_video_mp4=\u00bboff\u00bb width=\u00bb100%\u00bb max_width=\u00bb100%\u00bb module_alignment=\u00bbcenter\u00bb custom_margin=\u00bb0px|auto|0px|0px|true|false\u00bb custom_padding=\u00bb|0px||0px|false|false\u00bb collapsed=\u00bboff\u00bb global_colors_info=\u00bb{}\u00bb][et_pb_column type=\u00bb4_4&#8243; _builder_version=\u00bb4.9.10&#8243; _module_preset=\u00bbdefault\u00bb global_colors_info=\u00bb{}\u00bb][et_pb_code module_class=\u00bbvideo-bw\u00bb _builder_version=\u00bb4.10.8&#8243; _module_preset=\u00bbdefault\u00bb global_colors_info=\u00bb{}\u00bb]<video id=\"video_animacion\" src=\"https:\/\/bwre.es\/wp-content\/uploads\/BWRE_animacion_negro.mp4\" preload=\"none\" autoplay=\"autoplay\" muted=\"\" width=\"100\" height=\"50\"><!-- [et_pb_line_break_holder] --><source type=\"video\/mp4\" src=\"https:\/\/bwre.es\/wp-content\/uploads\/BWRE_animacion_negro.mp4\" \/><!-- [et_pb_line_break_holder] --><\/video><!-- [et_pb_line_break_holder] --><a class=\"close-animation\">SALTAR INTRO<\/a>[\/et_pb_code][\/et_pb_column][\/et_pb_row][\/et_pb_section]<\/p>\n","protected":false},"excerpt":{"rendered":"<p>es una gestora de inversiones inmobiliarias especializada en el \u00e1rea metropolitana de Madrid. Transformamos activos inmobiliarios en proyectos de \u00e9xito, con contratos de arrendamientos a largo plazo que aseguran la liquidez y rentabilidad de la inversi\u00f3n.<\/p>\n","protected":false},"author":6,"featured_media":4058,"parent":0,"menu_order":0,"comment_status":"closed","ping_status":"closed","template":"","meta":{"_et_pb_use_builder":"on","_et_pb_old_content":"","_et_gb_content_width":""},"acf":[],"aioseo_notices":[],"_links":{"self":[{"href":"https:\/\/bwre.es\/wp-json\/wp\/v2\/pages\/309"}],"collection":[{"href":"https:\/\/bwre.es\/wp-json\/wp\/v2\/pages"}],"about":[{"href":"https:\/\/bwre.es\/wp-json\/wp\/v2\/types\/page"}],"author":[{"embeddable":true,"href":"https:\/\/bwre.es\/wp-json\/wp\/v2\/users\/6"}],"replies":[{"embeddable":true,"href":"https:\/\/bwre.es\/wp-json\/wp\/v2\/comments?post=309"}],"version-history":[{"count":270,"href":"https:\/\/bwre.es\/wp-json\/wp\/v2\/pages\/309\/revisions"}],"predecessor-version":[{"id":4934,"href":"https:\/\/bwre.es\/wp-json\/wp\/v2\/pages\/309\/revisions\/4934"}],"wp:featuredmedia":[{"embeddable":true,"href":"https:\/\/bwre.es\/wp-json\/wp\/v2\/media\/4058"}],"wp:attachment":[{"href":"https:\/\/bwre.es\/wp-json\/wp\/v2\/media?parent=309"}],"curies":[{"name":"wp","href":"https:\/\/api.w.org\/{rel}","templated":true}]}}