{"id":1483,"date":"2021-10-21T02:49:52","date_gmt":"2021-10-21T02:49:52","guid":{"rendered":"https:\/\/bwre.es\/?page_id=1483"},"modified":"2023-08-10T11:10:42","modified_gmt":"2023-08-10T11:10:42","slug":"cookie-policy","status":"publish","type":"page","link":"https:\/\/bwre.es\/cookie-policy\/","title":{"rendered":"Pol\u00edticas de cookies"},"content":{"rendered":"<p>[et_pb_section fb_built=\u00bb1&#8243; _builder_version=\u00bb4.10.8&#8243; _module_preset=\u00bbdefault\u00bb global_colors_info=\u00bb{}\u00bb][et_pb_row module_class=\u00bbcont-poli\u00bb _builder_version=\u00bb4.10.8&#8243; _module_preset=\u00bbdefault\u00bb hover_enabled=\u00bb0&#8243; global_colors_info=\u00bb{}\u00bb custom_margin=\u00bb|65px||65px|false|false\u00bb sticky_enabled=\u00bb0&#8243;][et_pb_column type=\u00bb4_4&#8243; _builder_version=\u00bb4.10.8&#8243; _module_preset=\u00bbdefault\u00bb global_colors_info=\u00bb{}\u00bb][et_pb_text _builder_version=\u00bb4.10.8&#8243; _module_preset=\u00bbdefault\u00bb text_font=\u00bbHarmona Sans Pro Light||||||||\u00bb custom_margin=\u00bb||40px||false|false\u00bb global_colors_info=\u00bb{}\u00bb]<\/p>\n<h2><b>POL\u00cdTICA DE COOKIES<\/b><\/h2>\n<p>[\/et_pb_text][et_pb_text _builder_version=\u00bb4.10.8&#8243; _module_preset=\u00bbdefault\u00bb text_font=\u00bbHarmona Sans Pro Regular||||||||\u00bb custom_margin=\u00bb||40px||false|false\u00bb global_colors_info=\u00bb{}\u00bb]<\/p>\n<p>Las cookies son archivos de texto enviados a su computadora y utilizados por su navegador web para almacenar informaci\u00f3n. Las cookies que utilizamos permiten que su navegador recuerde si ha visitado nuestro sitio antes y cu\u00e1les son sus preferencias.<\/p>\n<p>Al igual que con la mayor\u00eda de los sitios web, utilizamos cookies para mejorar su experiencia de usuario al permitir que nuestro sitio web lo &#8216;recuerde&#8217;, ya sea durante su visita (usando una &#8216;cookie de sesi\u00f3n&#8217;) o para visitas repetidas (usando una &#8216;cookie persistente&#8217;). Tambi\u00e9n se utilizan dos tipos diferentes de cookies: propias (que son de nuestra propiedad) y de terceros (donde permitimos que un tercero, como Google, establezca cookies en su computadora o dispositivo m\u00f3vil).<\/p>\n<p>Las cookies realizan muchas funciones diferentes, como permitirle navegar entre p\u00e1ginas de manera eficiente, almacenar sus preferencias y, en general, mejorar su experiencia en un sitio web. Las cookies hacen que la interacci\u00f3n entre usted y el sitio web sea m\u00e1s r\u00e1pida y sencilla. Si un sitio web no utiliza cookies, pensar\u00e1 que es un visitante nuevo cada vez que se mueva a una nueva p\u00e1gina en el sitio; por ejemplo, cuando ingresa sus datos de inicio de sesi\u00f3n y se mueve a otra p\u00e1gina, no lo reconocer\u00e1 y no podr\u00e1 mantenerte conectado.<\/p>\n<p>\u00a01. C\u00f3mo rechazar o retirar el consentimiento<\/p>\n<p>Aunque las cookies que utilizamos en este sitio web son bastante inofensivas y no revelan su identidad, no todo el mundo desea que se descarguen archivos de texto en su computadora o dispositivo m\u00f3vil. Si lo prefiere, es posible bloquear algunas o todas las cookies, o incluso eliminar las cookies que ya se han configurado; pero debe tener en cuenta que podr\u00eda perder algunas funciones de este sitio web.<\/p>\n<p>Puede administrar c\u00f3mo las cookies interact\u00faan con su computadora o dispositivo m\u00f3vil a trav\u00e9s de su navegador (por ejemplo, Internet Explorer, Chrome, Safari, Firefox, Android), de modo que reciba una alerta cuando se env\u00eden cookies o pueda rechazar las cookies por completo. Tambi\u00e9n puede eliminar las cookies que ya se han configurado.<\/p>\n<p>\u00a02. Cookies en nuestra web<\/p>\n<p>\u00a0En este sitio web utilizamos solo una peque\u00f1a cantidad de cookies. Son:<\/p>\n<p><b>BC_BANDWIDTH<\/b><\/p>\n<p>Esto almacena el ancho de banda de la computadora o dispositivo m\u00f3vil de un usuario.<\/p>\n<p>Tercero<\/p>\n<p>Vida \u00fatil: session<\/p>\n<p><b>tcecookie<\/b><\/p>\n<p>Esto almacena el reconocimiento de la notificaci\u00f3n de cookies.<\/p>\n<p>Primera fiesta<\/p>\n<p>Vida \u00fatil: 6 meses<\/p>\n<p><b>PREF<\/b><\/p>\n<p>Esto almacena las preferencias b\u00e1sicas de un usuario, como que el usuario desea resultados de b\u00fasqueda en ingl\u00e9s, no m\u00e1s de 10 resultados en una p\u00e1gina determinada, o ha implementado una configuraci\u00f3n de SafeSearch para filtrar el contenido.<\/p>\n<p>Tercero<\/p>\n<p>Vida \u00fatil: 2 a\u00f1os<\/p>\n<p><b>_tmid<\/b><\/p>\n<p>Seguimiento de v\u00eddeo de Brightcove. Se utiliza para an\u00e1lisis de usuarios. Identifica espectadores \u00fanicos y nuevos espectadores.<\/p>\n<p>Tercero<\/p>\n<p>Esperanza de vida: 10 a\u00f1os<\/p>\n<p><b>__utmv<\/b><\/p>\n<p>Se utiliza para las variables personalizadas del usuario en Google Analytics.<\/p>\n<p>Tercero<\/p>\n<p>Vida \u00fatil: 2 a\u00f1os<\/p>\n<p><b>__utma<\/b><\/p>\n<p>Esto almacena el n\u00famero de visitas de cada usuario y la hora de la primera visita, la visita anterior y la visita actual.<\/p>\n<p>Tercero<\/p>\n<p>Vida \u00fatil: 2 a\u00f1os<\/p>\n<p><b>__utmb<\/b><\/p>\n<p>Esto almacena cu\u00e1nto tiempo permanece un usuario en el sitio, cu\u00e1ndo comienza una visita y cu\u00e1ndo termina aproximadamente.<\/p>\n<p>Tercero<\/p>\n<p>Vida \u00fatil: 2 a\u00f1os<\/p>\n<p><b>__utmc<\/b><\/p>\n<p>Esto almacena cu\u00e1nto tiempo permanece un usuario en el sitio, cu\u00e1ndo comienza una visita y cu\u00e1ndo termina aproximadamente.<\/p>\n<p>Tercero<\/p>\n<p>Vida \u00fatil: sesi\u00f3n<\/p>\n<p><b>__utmz<\/b><\/p>\n<p>Esto almacena de d\u00f3nde vino un visitante (por ejemplo, motor de b\u00fasqueda, palabra clave de b\u00fasqueda, enlace de referencia).<\/p>\n<p>Tercero<\/p>\n<p>Vida \u00fatil: 6 meses<\/p>\n<p>[\/et_pb_text][\/et_pb_column][\/et_pb_row][\/et_pb_section]<\/p>\n","protected":false},"excerpt":{"rendered":"<p>POL\u00cdTICA DE COOKIESLas cookies son archivos de texto enviados a su computadora y utilizados por su navegador web para almacenar informaci\u00f3n. Las cookies que utilizamos permiten que su navegador recuerde si ha visitado nuestro sitio antes y cu\u00e1les son sus preferencias. Al igual que con la mayor\u00eda de los sitios web, utilizamos cookies para mejorar [&hellip;]<\/p>\n","protected":false},"author":6,"featured_media":0,"parent":0,"menu_order":0,"comment_status":"closed","ping_status":"closed","template":"","meta":{"_et_pb_use_builder":"on","_et_pb_old_content":"","_et_gb_content_width":""},"acf":[],"aioseo_notices":[],"_links":{"self":[{"href":"https:\/\/bwre.es\/wp-json\/wp\/v2\/pages\/1483"}],"collection":[{"href":"https:\/\/bwre.es\/wp-json\/wp\/v2\/pages"}],"about":[{"href":"https:\/\/bwre.es\/wp-json\/wp\/v2\/types\/page"}],"author":[{"embeddable":true,"href":"https:\/\/bwre.es\/wp-json\/wp\/v2\/users\/6"}],"replies":[{"embeddable":true,"href":"https:\/\/bwre.es\/wp-json\/wp\/v2\/comments?post=1483"}],"version-history":[{"count":8,"href":"https:\/\/bwre.es\/wp-json\/wp\/v2\/pages\/1483\/revisions"}],"predecessor-version":[{"id":4927,"href":"https:\/\/bwre.es\/wp-json\/wp\/v2\/pages\/1483\/revisions\/4927"}],"wp:attachment":[{"href":"https:\/\/bwre.es\/wp-json\/wp\/v2\/media?parent=1483"}],"curies":[{"name":"wp","href":"https:\/\/api.w.org\/{rel}","templated":true}]}}