{"id":1448,"date":"2021-10-21T02:08:52","date_gmt":"2021-10-21T02:08:52","guid":{"rendered":"https:\/\/bwre.es\/?page_id=1448"},"modified":"2023-08-10T10:56:33","modified_gmt":"2023-08-10T10:56:33","slug":"privacy-policy","status":"publish","type":"page","link":"https:\/\/bwre.es\/privacy-policy\/","title":{"rendered":"Pol\u00edtica de privacidad"},"content":{"rendered":"<p>[et_pb_section fb_built=\u00bb1&#8243; _builder_version=\u00bb4.10.8&#8243; _module_preset=\u00bbdefault\u00bb global_colors_info=\u00bb{}\u00bb][et_pb_row module_class=\u00bbcont-poli\u00bb _builder_version=\u00bb4.10.8&#8243; _module_preset=\u00bbdefault\u00bb hover_enabled=\u00bb0&#8243; global_colors_info=\u00bb{}\u00bb custom_margin=\u00bb|65px||65px|false|false\u00bb sticky_enabled=\u00bb0&#8243;][et_pb_column type=\u00bb4_4&#8243; _builder_version=\u00bb4.10.8&#8243; _module_preset=\u00bbdefault\u00bb global_colors_info=\u00bb{}\u00bb][et_pb_text _builder_version=\u00bb4.10.8&#8243; _module_preset=\u00bbdefault\u00bb text_font=\u00bbHarmona Sans Pro Light||||||||\u00bb custom_margin=\u00bb||40px||false|false\u00bb global_colors_info=\u00bb{}\u00bb]<\/p>\n<h2><b>Pol\u00edtica de privacidad<\/b><\/h2>\n<p>[\/et_pb_text][et_pb_text _builder_version=\u00bb4.10.8&#8243; _module_preset=\u00bbdefault\u00bb text_font=\u00bbHarmona Sans Pro Regular||||||||\u00bb custom_margin=\u00bb||40px||false|false\u00bb global_colors_info=\u00bb{}\u00bb]<\/p>\n<p>Estamos comprometidos a salvaguardar su privacidad en l\u00ednea y hemos desarrollado esta pol\u00edtica de privacidad para tratar los problemas que puedan preocuparle. Lea esta pol\u00edtica para comprender c\u00f3mo se tratar\u00e1 su informaci\u00f3n personal. Esta pol\u00edtica puede cambiar de vez en cuando, as\u00ed que rev\u00edsela peri\u00f3dicamente.<\/p>\n<p>La utilizaci\u00f3n del sitio web bwre.es propiedad de Bermejo and Williamson Real Estate S.L. es absolutamente voluntaria y supone la plena aceptaci\u00f3n por quien accede al mismo, de todas las Condiciones Generales de Uso vigentes en cada momento para el presente sitio web. El Usuario deber\u00e1 leer detenidamente y aceptar sin ning\u00fan tipo de reservas la presente POL\u00cdTICA DE PRIVACIDAD antes de realizar cualquier tipo de operaci\u00f3n, visionado, utilizaci\u00f3n, etc. del contenido alojado en \u00e9ste sitio web.<\/p>\n<p>El Usuario se compromete a no utilizar el sitio web o sus servicios y contenidos de forma contraria a lo dispuesto por la legislaci\u00f3n vigente. Bermejo and Williamson Real Estate S.L. se reserva el derecho a retirar el acceso al presente sitio web, sin necesidad de previo aviso, a cualquier Usuario que contravenga lo dispuesto en estas Condiciones Generales de Uso.<\/p>\n<p>Bermejo and Williamson Real Estate S.L. se reserva el derecho de modificar en cualquier momento las presentes Condiciones Generales de Uso, as\u00ed como cualesquiera otras condiciones generales o particulares, reglamentos de uso o avisos que pudieran resultar de aplicaci\u00f3n. Asimismo se reserva el derecho a modificar en cualquier momento la presentaci\u00f3n, configuraci\u00f3n y localizaci\u00f3n del sitio web, as\u00ed como los contenidos y las condiciones requeridas para utilizar el mismo.<\/p>\n<p><b>INFORMACI\u00d3N PERSONAL<\/b><\/p>\n<p>Los detalles que proporcione sobre usted y cualquier informaci\u00f3n que lo identifique (como su nombre, direcci\u00f3n, direcci\u00f3n de correo electr\u00f3nico) (\u00abinformaci\u00f3n personal\u00bb) ser\u00e1n recopilados por nosotros cuando se registre para usar el sitio, cuando env\u00ede dicha informaci\u00f3n directamente por rellenando un formulario en l\u00ednea y, cuando navega, d\u00f3nde se pueden utilizar las cookies.<\/p>\n<p><b>USO DE LA INFORMACI\u00d3N PERSONAL<\/b><\/p>\n<p>Esta informaci\u00f3n se guardar\u00e1 en nuestro sistema y se utilizar\u00e1 solo para configurar y administrar su cuenta de sitio web, y para poner a su disposici\u00f3n toda la informaci\u00f3n relacionada con nosotros.<\/p>\n<p><b>PROTECCI\u00d3N DE LA INFORMACI\u00d3N<\/b><\/p>\n<p>No transmitiremos su informaci\u00f3n personal a terceros a menos que as\u00ed lo exija la ley o una autoridad reguladora o gubernamental. Normalmente no vinculamos las direcciones IP a nada que pueda identificarlo personalmente, lo que significa que usted permanece an\u00f3nimo aunque incluyamos su direcci\u00f3n IP en nuestra informaci\u00f3n agregada. Sin embargo, podemos e intentaremos utilizar direcciones IP para identificar a un usuario cuando lo consideremos necesario para hacer cumplir nuestros t\u00e9rminos y condiciones, o para proteger nuestros servicios y otros usuarios.<\/p>\n<p><b>COOKIES<\/b><\/p>\n<p>Las cookies son peque\u00f1os fragmentos de informaci\u00f3n que su navegador almacena en el disco duro de su computadora. Nos permiten identificar a los usuarios registrados sin necesidad de solicitar datos de registro cada vez que acceda a nuestro sitio. El uso de cookies hace que el acceso a nuestro sitio sea m\u00e1s conveniente, ya que no necesita recordar su contrase\u00f1a cada vez que ingresa.<\/p>\n<p><b>PROTECCI\u00d3N DE LA INFORMACI\u00d3N<\/b><\/p>\n<p>Tomamos todas las precauciones para proteger su informaci\u00f3n. Con este fin, toda la informaci\u00f3n personal almacenada por nosotros se guarda en un servidor en un entorno seguro. Solo los empleados y los contratistas \/ desarrolladores aprobados que necesitan la informaci\u00f3n para realizar un trabajo espec\u00edfico tienen acceso a la informaci\u00f3n de identificaci\u00f3n personal. Realizamos revisiones de seguridad peri\u00f3dicas para garantizar que el sitio permanezca seguro y protegido para su protecci\u00f3n. No podemos garantizar la seguridad de los datos que divulga en l\u00ednea y acepta que Internet no es completamente seguro y acepta que no seremos responsables del uso, distribuci\u00f3n o destrucci\u00f3n no autorizados de su informaci\u00f3n personal.<\/p>\n<p><b>ACTUALIZAR INFORMACI\u00d3N PERSONAL<\/b><\/p>\n<p>Si su informaci\u00f3n personal cambia o si ya no desea suscribirse al servicio, haremos todo lo posible por corregir, actualizar o eliminar la informaci\u00f3n personal que nos ha proporcionado lo antes posible.<\/p>\n<p><b>MENORES DE 18 A\u00d1OS<\/b><\/p>\n<p>Si es menor de 18 a\u00f1os, aseg\u00farese de obtener el consentimiento de sus padres \/ tutores de antemano cada vez que proporcione informaci\u00f3n personal al sitio web. Los usuarios sin dicho consentimiento no pueden proporcionarnos informaci\u00f3n personal.<\/p>\n<p><b>LEY QUE RIGE<\/b><\/p>\n<p>Esta pol\u00edtica de privacidad forma parte de los T\u00e9rminos de nuestro sitio web. Cualquier disputa o reclamaci\u00f3n que surja de esta pol\u00edtica y el uso de su informaci\u00f3n personal se regir\u00e1 por la ley espa\u00f1ola y los tribunales espa\u00f1oles tienen jurisdicci\u00f3n exclusiva para resolver dicha disputa o reclamaci\u00f3n.<\/p>\n<p>[\/et_pb_text][\/et_pb_column][\/et_pb_row][\/et_pb_section]<\/p>\n","protected":false},"excerpt":{"rendered":"<p>Pol\u00edtica de privacidad Estamos comprometidos a salvaguardar su privacidad en l\u00ednea y hemos desarrollado esta pol\u00edtica de privacidad para tratar los problemas que puedan preocuparle. Lea esta pol\u00edtica para comprender c\u00f3mo se tratar\u00e1 su informaci\u00f3n personal. Esta pol\u00edtica puede cambiar de vez en cuando, as\u00ed que rev\u00edsela peri\u00f3dicamente. La utilizaci\u00f3n del sitio web bwre.es propiedad [&hellip;]<\/p>\n","protected":false},"author":6,"featured_media":0,"parent":0,"menu_order":0,"comment_status":"closed","ping_status":"closed","template":"","meta":{"_et_pb_use_builder":"on","_et_pb_old_content":"","_et_gb_content_width":""},"acf":[],"aioseo_notices":[],"_links":{"self":[{"href":"https:\/\/bwre.es\/wp-json\/wp\/v2\/pages\/1448"}],"collection":[{"href":"https:\/\/bwre.es\/wp-json\/wp\/v2\/pages"}],"about":[{"href":"https:\/\/bwre.es\/wp-json\/wp\/v2\/types\/page"}],"author":[{"embeddable":true,"href":"https:\/\/bwre.es\/wp-json\/wp\/v2\/users\/6"}],"replies":[{"embeddable":true,"href":"https:\/\/bwre.es\/wp-json\/wp\/v2\/comments?post=1448"}],"version-history":[{"count":16,"href":"https:\/\/bwre.es\/wp-json\/wp\/v2\/pages\/1448\/revisions"}],"predecessor-version":[{"id":4923,"href":"https:\/\/bwre.es\/wp-json\/wp\/v2\/pages\/1448\/revisions\/4923"}],"wp:attachment":[{"href":"https:\/\/bwre.es\/wp-json\/wp\/v2\/media?parent=1448"}],"curies":[{"name":"wp","href":"https:\/\/api.w.org\/{rel}","templated":true}]}}